{"id":6801,"date":"2023-09-04T08:32:39","date_gmt":"2023-09-04T08:32:39","guid":{"rendered":"https:\/\/www.ceramiche-piemme.com\/kontakt\/"},"modified":"2023-10-24T08:50:03","modified_gmt":"2023-10-24T08:50:03","slug":"kontakt","status":"publish","type":"page","link":"https:\/\/www.ceramiche-piemme.com\/de\/kontakt\/","title":{"rendered":"Kontakt"},"content":{"rendered":"\t\t<div data-elementor-type=\"wp-page\" data-elementor-id=\"6801\" class=\"elementor elementor-6801 elementor-2420\" data-elementor-post-type=\"page\">\n\t\t\t\t\t\t<section class=\"elementor-section elementor-top-section elementor-element elementor-element-38409fd elementor-section-boxed elementor-section-height-default elementor-section-height-default\" data-id=\"38409fd\" data-element_type=\"section\">\n\t\t\t\t\t\t<div class=\"elementor-container elementor-column-gap-default\">\n\t\t\t\t\t<div class=\"elementor-column elementor-col-50 elementor-top-column elementor-element elementor-element-ef06fc7\" data-id=\"ef06fc7\" data-element_type=\"column\">\n\t\t\t<div class=\"elementor-widget-wrap elementor-element-populated\">\n\t\t\t\t\t\t<div class=\"elementor-element elementor-element-8c482a0 elementor-widget elementor-widget-text-editor\" data-id=\"8c482a0\" data-element_type=\"widget\" data-widget_type=\"text-editor.default\">\n\t\t\t\t<div class=\"elementor-widget-container\">\n\t\t\t\t\t\t\t\t\t<h1 class=\"margin-b-40\">KONTAKT<\/h1>\n\t\t\t\t\t\t\t\t<\/div>\n\t\t\t\t<\/div>\n\t\t\t\t<div class=\"elementor-element elementor-element-44f5211 elementor-widget elementor-widget-wpforms\" data-id=\"44f5211\" data-element_type=\"widget\" data-widget_type=\"wpforms.default\">\n\t\t\t\t<div class=\"elementor-widget-container\">\n\t\t\t\t\t<style id=\"wpforms-css-vars-elementor-widget-44f5211\">\n\t\t\t\t.elementor-widget-wpforms.elementor-element-44f5211 {\n\t\t\t\t--wpforms-button-background-color: #F0ECE9;\n--wpforms-button-text-color: #A59A91;\n--wpforms-field-size-input-height: 31px;\n--wpforms-field-size-input-spacing: 10px;\n--wpforms-field-size-font-size: 14px;\n--wpforms-field-size-line-height: 17px;\n--wpforms-field-size-padding-h: 9px;\n--wpforms-field-size-checkbox-size: 14px;\n--wpforms-field-size-sublabel-spacing: 5px;\n--wpforms-field-size-icon-size: 0.75;\n--wpforms-label-size-font-size: 14px;\n--wpforms-label-size-line-height: 17px;\n--wpforms-label-size-sublabel-font-size: 13px;\n--wpforms-label-size-sublabel-line-height: 16px;\n\n\t\t\t}\n\t\t\t<\/style><div class=\"wpforms-container wpforms-container-full wpforms-render-modern\" id=\"wpforms-2394\"><form id=\"wpforms-form-2394\" class=\"wpforms-validate wpforms-form wpforms-ajax-form\" data-formid=\"2394\" method=\"post\" enctype=\"multipart\/form-data\" action=\"\/de\/wp-json\/wp\/v2\/pages\/6801\" data-token=\"d29ae3aef57e6b2b1f019c110952d2b0\" data-token-time=\"1777382994\"><noscript class=\"wpforms-error-noscript\">Bitte aktiviere JavaScript in deinem Browser, um dieses Formular fertigzustellen.<\/noscript><div class=\"wpforms-hidden\" id=\"wpforms-error-noscript\">Bitte aktiviere JavaScript in deinem Browser, um dieses Formular fertigzustellen.<\/div><div class=\"wpforms-field-container\"><div id=\"wpforms-2394-field_0-container\" class=\"wpforms-field wpforms-field-name\" data-field-id=\"0\"><label class=\"wpforms-field-label\" for=\"wpforms-2394-field_0\">Vorname <span class=\"wpforms-required-label\" aria-hidden=\"true\">*<\/span><\/label><input type=\"text\" id=\"wpforms-2394-field_0\" class=\"wpforms-field-medium wpforms-field-required\" name=\"wpforms[fields][0]\" aria-errormessage=\"wpforms-2394-field_0-error\" required><\/div><div id=\"wpforms-2394-field_3-container\" class=\"wpforms-field wpforms-field-name\" data-field-id=\"3\"><label class=\"wpforms-field-label\" for=\"wpforms-2394-field_3\">Nachname <span class=\"wpforms-required-label\" aria-hidden=\"true\">*<\/span><\/label><input type=\"text\" id=\"wpforms-2394-field_3\" class=\"wpforms-field-medium wpforms-field-required\" name=\"wpforms[fields][3]\" aria-errormessage=\"wpforms-2394-field_3-error\" required><\/div><div id=\"wpforms-2394-field_4-container\" class=\"wpforms-field wpforms-field-name\" data-field-id=\"4\"><label class=\"wpforms-field-label\" for=\"wpforms-2394-field_4\">Firmenname <span class=\"wpforms-required-label\" aria-hidden=\"true\">*<\/span><\/label><input type=\"text\" id=\"wpforms-2394-field_4\" class=\"wpforms-field-medium wpforms-field-required\" name=\"wpforms[fields][4]\" aria-errormessage=\"wpforms-2394-field_4-error\" required><\/div><div id=\"wpforms-2394-field_7-container\" class=\"wpforms-field wpforms-field-name\" data-field-id=\"7\"><label class=\"wpforms-field-label\" for=\"wpforms-2394-field_7\">Ort<\/label><input type=\"text\" id=\"wpforms-2394-field_7\" class=\"wpforms-field-medium\" name=\"wpforms[fields][7]\" aria-errormessage=\"wpforms-2394-field_7-error\" ><\/div><div id=\"wpforms-2394-field_14-container\" class=\"wpforms-field wpforms-field-name\" data-field-id=\"14\"><label class=\"wpforms-field-label\" for=\"wpforms-2394-field_14\">Staat <span class=\"wpforms-required-label\" aria-hidden=\"true\">*<\/span><\/label><input type=\"text\" id=\"wpforms-2394-field_14\" class=\"wpforms-field-medium wpforms-field-required\" name=\"wpforms[fields][14]\" aria-errormessage=\"wpforms-2394-field_14-error\" required><\/div><div id=\"wpforms-2394-field_1-container\" class=\"wpforms-field wpforms-field-email\" data-field-id=\"1\"><label class=\"wpforms-field-label\" for=\"wpforms-2394-field_1\">Email <span class=\"wpforms-required-label\" aria-hidden=\"true\">*<\/span><\/label><input type=\"email\" id=\"wpforms-2394-field_1\" class=\"wpforms-field-medium wpforms-field-required\" name=\"wpforms[fields][1]\" spellcheck=\"false\" aria-errormessage=\"wpforms-2394-field_1-error\" required><\/div><div id=\"wpforms-2394-field_6-container\" class=\"wpforms-field wpforms-field-name\" data-field-id=\"6\"><label class=\"wpforms-field-label\" for=\"wpforms-2394-field_6\">Telefon<\/label><input type=\"text\" id=\"wpforms-2394-field_6\" class=\"wpforms-field-medium\" name=\"wpforms[fields][6]\" aria-errormessage=\"wpforms-2394-field_6-error\" ><\/div><div id=\"wpforms-2394-field_8-container\" class=\"wpforms-field wpforms-field-name\" data-field-id=\"8\"><label class=\"wpforms-field-label\" for=\"wpforms-2394-field_8\">Betreff der Nachricht <span class=\"wpforms-required-label\" aria-hidden=\"true\">*<\/span><\/label><input type=\"text\" id=\"wpforms-2394-field_8\" class=\"wpforms-field-medium wpforms-field-required\" name=\"wpforms[fields][8]\" aria-errormessage=\"wpforms-2394-field_8-error\" required><\/div><div id=\"wpforms-2394-field_2-container\" class=\"wpforms-field wpforms-field-textarea\" data-field-id=\"2\"><label class=\"wpforms-field-label\" for=\"wpforms-2394-field_2\">Text der Mitteilung<\/label><textarea id=\"wpforms-2394-field_2\" class=\"wpforms-field-medium\" name=\"wpforms[fields][2]\" aria-errormessage=\"wpforms-2394-field_2-error\" ><\/textarea><\/div><div id=\"wpforms-2394-field_9-container\" class=\"wpforms-field wpforms-field-checkbox\" data-field-id=\"9\"><fieldset><legend class=\"wpforms-field-label\">Datenschutzbestimmungen <span class=\"wpforms-required-label\" aria-hidden=\"true\">*<\/span><\/legend><ul id=\"wpforms-2394-field_9\" class=\"wpforms-field-required\"><li class=\"choice-1 depth-1\"><input type=\"checkbox\" id=\"wpforms-2394-field_9_1\" name=\"wpforms[fields][9][]\" value=\"Nachdem ich die &lt;a href=&quot;http:\/\/www.ceramiche-piemme.com\/privacy\/&quot;&gt;Datenschutzerkl\u00e4rung&lt;\/a&gt; gelesen habe, erkl\u00e4re ich mich mit der Verarbeitung meiner pers\u00f6nlichen Daten, die ich in das oben genannte Formular eingegeben habe, durch den Inhaber der Datenverarbeitung INDUSTRIE CERAMICHE PIEMME S.P.A. zum Zwecke der Bearbeitung der von mir gestellten Anfragen einverstanden.\" aria-errormessage=\"wpforms-2394-field_9_1-error\" required ><label class=\"wpforms-field-label-inline\" for=\"wpforms-2394-field_9_1\">Nachdem ich die <a href=\"http:\/\/www.ceramiche-piemme.com\/privacy\/\">Datenschutzerkl\u00e4rung<\/a> gelesen habe, erkl\u00e4re ich mich mit der Verarbeitung meiner pers\u00f6nlichen Daten, die ich in das oben genannte Formular eingegeben habe, durch den Inhaber der Datenverarbeitung INDUSTRIE CERAMICHE PIEMME S.P.A. zum Zwecke der Bearbeitung der von mir gestellten Anfragen einverstanden.<\/label><\/li><\/ul><\/fieldset><\/div><div id=\"wpforms-2394-field_12-container\" class=\"wpforms-field wpforms-field-checkbox\" data-field-id=\"12\"><fieldset><legend class=\"wpforms-field-label\">Direktmarketing<\/legend><ul id=\"wpforms-2394-field_12\"><li class=\"choice-1 depth-1\"><input type=\"checkbox\" id=\"wpforms-2394-field_12_1\" name=\"wpforms[fields][12][]\" value=\"&lt;b&gt;Zustimmung zum &quot;Direktmarketing&quot; (fakultativ).&lt;\/b&gt;&lt;br&gt; Der\/die Unterzeichnende gibt au\u00dferdem seine\/ihre spezifische und ausdr\u00fcckliche Zustimmung zu den unter Buchstabe b) des Informationsvermerks genannten Zwecken und erkl\u00e4rt sich damit einverstanden, von der f\u00fcr die Verarbeitung Verantwortlichen Werbematerial\/Kommunikation wie Brosch\u00fcren, Einladungen, Newsletter per Post, E-Mail, Telefon, Fax, SMS, MMS und \u00e4hnliche Instrumente zu erhalten. Resta inteso fin d&#039;ora, che \u00e8 un preciso diritto del sottoscritto revocare in qualunque momento il presente consenso, rivolgendosi al Titolare.\" aria-errormessage=\"wpforms-2394-field_12_1-error\"  ><label class=\"wpforms-field-label-inline\" for=\"wpforms-2394-field_12_1\"><b>Zustimmung zum \"Direktmarketing\" (fakultativ).<\/b><br> Der\/die Unterzeichnende gibt au\u00dferdem seine\/ihre spezifische und ausdr\u00fcckliche Zustimmung zu den unter Buchstabe b) des Informationsvermerks genannten Zwecken und erkl\u00e4rt sich damit einverstanden, von der f\u00fcr die Verarbeitung Verantwortlichen Werbematerial\/Kommunikation wie Brosch\u00fcren, Einladungen, Newsletter per Post, E-Mail, Telefon, Fax, SMS, MMS und \u00e4hnliche Instrumente zu erhalten. Resta inteso fin d'ora, che \u00e8 un preciso diritto del sottoscritto revocare in qualunque momento il presente consenso, rivolgendosi al Titolare.<\/label><\/li><\/ul><\/fieldset><\/div><\/div><!-- .wpforms-field-container --><div class=\"wpforms-recaptcha-container wpforms-is-recaptcha wpforms-is-recaptcha-type-v3\" ><input type=\"hidden\" name=\"wpforms[recaptcha]\" value=\"\"><\/div><div class=\"wpforms-submit-container\" ><input type=\"hidden\" name=\"wpforms[id]\" value=\"2394\"><input type=\"hidden\" name=\"page_title\" value=\"\"><input type=\"hidden\" name=\"page_url\" value=\"https:\/\/www.ceramiche-piemme.com\/de\/wp-json\/wp\/v2\/pages\/6801\"><input type=\"hidden\" name=\"url_referer\" value=\"\"><button type=\"submit\" name=\"wpforms[submit]\" id=\"wpforms-submit-2394\" class=\"wpforms-submit\" data-alt-text=\"Senden\" data-submit-text=\"einreichen\" aria-live=\"assertive\" value=\"wpforms-submit\">einreichen<\/button><img decoding=\"async\" src=\"https:\/\/www.ceramiche-piemme.com\/wp-content\/plugins\/wpforms-lite\/assets\/images\/submit-spin.svg\" class=\"wpforms-submit-spinner\" style=\"display: none;\" width=\"26\" height=\"26\" alt=\"Wird geladen\"><\/div><\/form><\/div>  <!-- .wpforms-container -->\t\t\t\t<\/div>\n\t\t\t\t<\/div>\n\t\t\t\t\t<\/div>\n\t\t<\/div>\n\t\t\t\t<div class=\"elementor-column elementor-col-50 elementor-top-column elementor-element elementor-element-fb60c09\" data-id=\"fb60c09\" data-element_type=\"column\">\n\t\t\t<div class=\"elementor-widget-wrap elementor-element-populated\">\n\t\t\t\t\t\t<div class=\"elementor-element elementor-element-c2d0ce2 elementor-widget elementor-widget-text-editor\" data-id=\"c2d0ce2\" data-element_type=\"widget\" data-widget_type=\"text-editor.default\">\n\t\t\t\t<div class=\"elementor-widget-container\">\n\t\t\t\t\t\t\t\t\t<h3 class=\"margin-b-40\">Wo wir stehen<\/h3>\n\t\t\t\t\t\t\t\t<\/div>\n\t\t\t\t<\/div>\n\t\t\t\t<div class=\"elementor-element elementor-element-199bc12 elementor-widget elementor-widget-text-editor\" data-id=\"199bc12\" data-element_type=\"widget\" data-widget_type=\"text-editor.default\">\n\t\t\t\t<div class=\"elementor-widget-container\">\n\t\t\t\t\t\t\t\t\t<h4>VERWALTUNGS- UND HANDELSB\u00dcROS<\/h4>\n<p>Industrie Ceramiche Piemme S.P.A.<br \/>Via Crociale 42\/44<br \/>41042 &#8211; Fiorano (Mo) &#8211; Italy<br \/>Email <a href=\"mailto:info@ceramichepiemme.it\">info@ceramichepiemme.it<\/a><br \/>Tel. +39 0536.849.111<br \/>Fax +39 0536.849.402<br \/>ST-Nr 01014730368<\/p>\n\t\t\t\t\t\t\t\t<\/div>\n\t\t\t\t<\/div>\n\t\t\t\t<div class=\"elementor-element elementor-element-419cafb elementor-widget elementor-widget-google_maps\" data-id=\"419cafb\" data-element_type=\"widget\" data-widget_type=\"google_maps.default\">\n\t\t\t\t<div class=\"elementor-widget-container\">\n\t\t\t\t\t\t\t<div class=\"elementor-custom-embed\">\n\t\t\t<iframe loading=\"lazy\"\n\t\t\t\t\tsrc=\"https:\/\/maps.google.com\/maps?q=Via%20Crociale%2042%2F44%2041042%20-%20Fiorano%20%28Mo%29%20-%20Italy&#038;t=m&#038;z=16&#038;output=embed&#038;iwloc=near\"\n\t\t\t\t\ttitle=\"Via Crociale 42\/44 41042 - Fiorano (Mo) - Italy\"\n\t\t\t\t\taria-label=\"Via Crociale 42\/44 41042 - Fiorano (Mo) - Italy\"\n\t\t\t><\/iframe>\n\t\t<\/div>\n\t\t\t\t\t\t<\/div>\n\t\t\t\t<\/div>\n\t\t\t\t\t<\/div>\n\t\t<\/div>\n\t\t\t\t\t<\/div>\n\t\t<\/section>\n\t\t\t\t<\/div>\n\t\t","protected":false},"excerpt":{"rendered":"<p>KONTAKT Please enable JavaScript in your browser to complete this form.Please enable JavaScript in your browser to complete this form.Name *Last name *Company *CityState *Email *TelephoneSubject<span class=\"excerpt-hellip\"> [\u2026]<\/span><\/p>\n","protected":false},"author":1,"featured_media":0,"parent":0,"menu_order":0,"comment_status":"closed","ping_status":"closed","template":"","meta":{"_monsterinsights_skip_tracking":false,"_monsterinsights_sitenote_active":false,"_monsterinsights_sitenote_note":"","_monsterinsights_sitenote_category":0,"_uf_show_specific_survey":0,"_uf_disable_surveys":false,"footnotes":""},"class_list":["post-6801","page","type-page","status-publish","hentry"],"aioseo_notices":[],"yoast_head":"<!-- This site is optimized with the Yoast SEO plugin v25.3 - https:\/\/yoast.com\/wordpress\/plugins\/seo\/ -->\n<title>Kontakt - Ceramiche Piemme<\/title>\n<meta name=\"robots\" content=\"index, follow, max-snippet:-1, max-image-preview:large, max-video-preview:-1\" \/>\n<link rel=\"canonical\" href=\"https:\/\/www.ceramiche-piemme.com\/de\/kontakt\/\" \/>\n<meta property=\"og:locale\" content=\"de_DE\" \/>\n<meta property=\"og:type\" content=\"article\" \/>\n<meta property=\"og:title\" content=\"Kontakt - Ceramiche Piemme\" \/>\n<meta property=\"og:description\" content=\"KONTAKT Please enable JavaScript in your browser to complete this form.Please enable JavaScript in your browser to complete this form.Name *Last name *Company *CityState *Email *TelephoneSubject [\u2026]\" \/>\n<meta property=\"og:url\" content=\"https:\/\/www.ceramiche-piemme.com\/de\/kontakt\/\" \/>\n<meta property=\"og:site_name\" content=\"Ceramiche Piemme\" \/>\n<meta property=\"article:publisher\" content=\"https:\/\/www.facebook.com\/CeramichePiemme\/\" \/>\n<meta property=\"article:modified_time\" content=\"2023-10-24T08:50:03+00:00\" \/>\n<meta property=\"og:image\" content=\"https:\/\/www.ceramiche-piemme.com\/wp-content\/plugins\/wpforms-lite\/assets\/images\/submit-spin.svg\" \/>\n<meta name=\"twitter:card\" content=\"summary_large_image\" \/>\n<meta name=\"twitter:site\" content=\"@CeramichePiemme\" \/>\n<meta name=\"twitter:label1\" content=\"Gesch\u00e4tzte Lesezeit\" \/>\n\t<meta name=\"twitter:data1\" content=\"1\u00a0Minute\" \/>\n<script type=\"application\/ld+json\" class=\"yoast-schema-graph\">{\"@context\":\"https:\/\/schema.org\",\"@graph\":[{\"@type\":\"WebPage\",\"@id\":\"https:\/\/www.ceramiche-piemme.com\/de\/kontakt\/\",\"url\":\"https:\/\/www.ceramiche-piemme.com\/de\/kontakt\/\",\"name\":\"Kontakt - Ceramiche Piemme\",\"isPartOf\":{\"@id\":\"https:\/\/www.ceramiche-piemme.com\/de\/#website\"},\"primaryImageOfPage\":{\"@id\":\"https:\/\/www.ceramiche-piemme.com\/de\/kontakt\/#primaryimage\"},\"image\":{\"@id\":\"https:\/\/www.ceramiche-piemme.com\/de\/kontakt\/#primaryimage\"},\"thumbnailUrl\":\"https:\/\/www.ceramiche-piemme.com\/wp-content\/plugins\/wpforms-lite\/assets\/images\/submit-spin.svg\",\"datePublished\":\"2023-09-04T08:32:39+00:00\",\"dateModified\":\"2023-10-24T08:50:03+00:00\",\"breadcrumb\":{\"@id\":\"https:\/\/www.ceramiche-piemme.com\/de\/kontakt\/#breadcrumb\"},\"inLanguage\":\"de\",\"potentialAction\":[{\"@type\":\"ReadAction\",\"target\":[\"https:\/\/www.ceramiche-piemme.com\/de\/kontakt\/\"]}]},{\"@type\":\"ImageObject\",\"inLanguage\":\"de\",\"@id\":\"https:\/\/www.ceramiche-piemme.com\/de\/kontakt\/#primaryimage\",\"url\":\"https:\/\/www.ceramiche-piemme.com\/wp-content\/plugins\/wpforms-lite\/assets\/images\/submit-spin.svg\",\"contentUrl\":\"https:\/\/www.ceramiche-piemme.com\/wp-content\/plugins\/wpforms-lite\/assets\/images\/submit-spin.svg\"},{\"@type\":\"BreadcrumbList\",\"@id\":\"https:\/\/www.ceramiche-piemme.com\/de\/kontakt\/#breadcrumb\",\"itemListElement\":[{\"@type\":\"ListItem\",\"position\":1,\"name\":\"Ceramiche Piemme\",\"item\":\"https:\/\/www.ceramiche-piemme.com\/de\/\"},{\"@type\":\"ListItem\",\"position\":2,\"name\":\"Kontakt\"}]},{\"@type\":\"WebSite\",\"@id\":\"https:\/\/www.ceramiche-piemme.com\/de\/#website\",\"url\":\"https:\/\/www.ceramiche-piemme.com\/de\/\",\"name\":\"Ceramiche Piemme\",\"description\":\"Ceramiche Piemme: Gres Porcellanato Made in Italy dal 1962\",\"publisher\":{\"@id\":\"https:\/\/www.ceramiche-piemme.com\/de\/#organization\"},\"potentialAction\":[{\"@type\":\"SearchAction\",\"target\":{\"@type\":\"EntryPoint\",\"urlTemplate\":\"https:\/\/www.ceramiche-piemme.com\/de\/?s={search_term_string}\"},\"query-input\":{\"@type\":\"PropertyValueSpecification\",\"valueRequired\":true,\"valueName\":\"search_term_string\"}}],\"inLanguage\":\"de\"},{\"@type\":\"Organization\",\"@id\":\"https:\/\/www.ceramiche-piemme.com\/de\/#organization\",\"name\":\"Ceramiche Piemme\",\"url\":\"https:\/\/www.ceramiche-piemme.com\/de\/\",\"logo\":{\"@type\":\"ImageObject\",\"inLanguage\":\"de\",\"@id\":\"https:\/\/www.ceramiche-piemme.com\/de\/#\/schema\/logo\/image\/\",\"url\":\"http:\/\/www.ceramiche-piemme.com\/wp-content\/uploads\/2023\/06\/logo.jpg\",\"contentUrl\":\"http:\/\/www.ceramiche-piemme.com\/wp-content\/uploads\/2023\/06\/logo.jpg\",\"width\":522,\"height\":87,\"caption\":\"Ceramiche Piemme\"},\"image\":{\"@id\":\"https:\/\/www.ceramiche-piemme.com\/de\/#\/schema\/logo\/image\/\"},\"sameAs\":[\"https:\/\/www.facebook.com\/CeramichePiemme\/\",\"https:\/\/x.com\/CeramichePiemme\",\"https:\/\/it.pinterest.com\/ceramichepiemme\/\",\"https:\/\/www.youtube.com\/user\/CERAMICHEPIEMME\",\"https:\/\/www.instagram.com\/ceramichepiemme\/\",\"https:\/\/www.linkedin.com\/company\/9676212\/\",\"https:\/\/vimeo.com\/ceramichepiemme\"]}]}<\/script>\n<!-- \/ Yoast SEO plugin. -->","yoast_head_json":{"title":"Kontakt - Ceramiche Piemme","robots":{"index":"index","follow":"follow","max-snippet":"max-snippet:-1","max-image-preview":"max-image-preview:large","max-video-preview":"max-video-preview:-1"},"canonical":"https:\/\/www.ceramiche-piemme.com\/de\/kontakt\/","og_locale":"de_DE","og_type":"article","og_title":"Kontakt - Ceramiche Piemme","og_description":"KONTAKT Please enable JavaScript in your browser to complete this form.Please enable JavaScript in your browser to complete this form.Name *Last name *Company *CityState *Email *TelephoneSubject [\u2026]","og_url":"https:\/\/www.ceramiche-piemme.com\/de\/kontakt\/","og_site_name":"Ceramiche Piemme","article_publisher":"https:\/\/www.facebook.com\/CeramichePiemme\/","article_modified_time":"2023-10-24T08:50:03+00:00","og_image":[{"url":"https:\/\/www.ceramiche-piemme.com\/wp-content\/plugins\/wpforms-lite\/assets\/images\/submit-spin.svg","type":"","width":"","height":""}],"twitter_card":"summary_large_image","twitter_site":"@CeramichePiemme","twitter_misc":{"Gesch\u00e4tzte Lesezeit":"1\u00a0Minute"},"schema":{"@context":"https:\/\/schema.org","@graph":[{"@type":"WebPage","@id":"https:\/\/www.ceramiche-piemme.com\/de\/kontakt\/","url":"https:\/\/www.ceramiche-piemme.com\/de\/kontakt\/","name":"Kontakt - Ceramiche Piemme","isPartOf":{"@id":"https:\/\/www.ceramiche-piemme.com\/de\/#website"},"primaryImageOfPage":{"@id":"https:\/\/www.ceramiche-piemme.com\/de\/kontakt\/#primaryimage"},"image":{"@id":"https:\/\/www.ceramiche-piemme.com\/de\/kontakt\/#primaryimage"},"thumbnailUrl":"https:\/\/www.ceramiche-piemme.com\/wp-content\/plugins\/wpforms-lite\/assets\/images\/submit-spin.svg","datePublished":"2023-09-04T08:32:39+00:00","dateModified":"2023-10-24T08:50:03+00:00","breadcrumb":{"@id":"https:\/\/www.ceramiche-piemme.com\/de\/kontakt\/#breadcrumb"},"inLanguage":"de","potentialAction":[{"@type":"ReadAction","target":["https:\/\/www.ceramiche-piemme.com\/de\/kontakt\/"]}]},{"@type":"ImageObject","inLanguage":"de","@id":"https:\/\/www.ceramiche-piemme.com\/de\/kontakt\/#primaryimage","url":"https:\/\/www.ceramiche-piemme.com\/wp-content\/plugins\/wpforms-lite\/assets\/images\/submit-spin.svg","contentUrl":"https:\/\/www.ceramiche-piemme.com\/wp-content\/plugins\/wpforms-lite\/assets\/images\/submit-spin.svg"},{"@type":"BreadcrumbList","@id":"https:\/\/www.ceramiche-piemme.com\/de\/kontakt\/#breadcrumb","itemListElement":[{"@type":"ListItem","position":1,"name":"Ceramiche Piemme","item":"https:\/\/www.ceramiche-piemme.com\/de\/"},{"@type":"ListItem","position":2,"name":"Kontakt"}]},{"@type":"WebSite","@id":"https:\/\/www.ceramiche-piemme.com\/de\/#website","url":"https:\/\/www.ceramiche-piemme.com\/de\/","name":"Ceramiche Piemme","description":"Ceramiche Piemme: Gres Porcellanato Made in Italy dal 1962","publisher":{"@id":"https:\/\/www.ceramiche-piemme.com\/de\/#organization"},"potentialAction":[{"@type":"SearchAction","target":{"@type":"EntryPoint","urlTemplate":"https:\/\/www.ceramiche-piemme.com\/de\/?s={search_term_string}"},"query-input":{"@type":"PropertyValueSpecification","valueRequired":true,"valueName":"search_term_string"}}],"inLanguage":"de"},{"@type":"Organization","@id":"https:\/\/www.ceramiche-piemme.com\/de\/#organization","name":"Ceramiche Piemme","url":"https:\/\/www.ceramiche-piemme.com\/de\/","logo":{"@type":"ImageObject","inLanguage":"de","@id":"https:\/\/www.ceramiche-piemme.com\/de\/#\/schema\/logo\/image\/","url":"http:\/\/www.ceramiche-piemme.com\/wp-content\/uploads\/2023\/06\/logo.jpg","contentUrl":"http:\/\/www.ceramiche-piemme.com\/wp-content\/uploads\/2023\/06\/logo.jpg","width":522,"height":87,"caption":"Ceramiche Piemme"},"image":{"@id":"https:\/\/www.ceramiche-piemme.com\/de\/#\/schema\/logo\/image\/"},"sameAs":["https:\/\/www.facebook.com\/CeramichePiemme\/","https:\/\/x.com\/CeramichePiemme","https:\/\/it.pinterest.com\/ceramichepiemme\/","https:\/\/www.youtube.com\/user\/CERAMICHEPIEMME","https:\/\/www.instagram.com\/ceramichepiemme\/","https:\/\/www.linkedin.com\/company\/9676212\/","https:\/\/vimeo.com\/ceramichepiemme"]}]}},"_links":{"self":[{"href":"https:\/\/www.ceramiche-piemme.com\/de\/wp-json\/wp\/v2\/pages\/6801","targetHints":{"allow":["GET"]}}],"collection":[{"href":"https:\/\/www.ceramiche-piemme.com\/de\/wp-json\/wp\/v2\/pages"}],"about":[{"href":"https:\/\/www.ceramiche-piemme.com\/de\/wp-json\/wp\/v2\/types\/page"}],"author":[{"embeddable":true,"href":"https:\/\/www.ceramiche-piemme.com\/de\/wp-json\/wp\/v2\/users\/1"}],"replies":[{"embeddable":true,"href":"https:\/\/www.ceramiche-piemme.com\/de\/wp-json\/wp\/v2\/comments?post=6801"}],"version-history":[{"count":5,"href":"https:\/\/www.ceramiche-piemme.com\/de\/wp-json\/wp\/v2\/pages\/6801\/revisions"}],"predecessor-version":[{"id":6806,"href":"https:\/\/www.ceramiche-piemme.com\/de\/wp-json\/wp\/v2\/pages\/6801\/revisions\/6806"}],"wp:attachment":[{"href":"https:\/\/www.ceramiche-piemme.com\/de\/wp-json\/wp\/v2\/media?parent=6801"}],"curies":[{"name":"wp","href":"https:\/\/api.w.org\/{rel}","templated":true}]}}