{"id":6807,"date":"2023-09-04T07:26:56","date_gmt":"2023-09-04T07:26:56","guid":{"rendered":"https:\/\/www.ceramiche-piemme.com\/cookie-policy\/"},"modified":"2023-10-24T08:54:36","modified_gmt":"2023-10-24T08:54:36","slug":"cookie-policy","status":"publish","type":"page","link":"https:\/\/www.ceramiche-piemme.com\/de\/cookie-policy\/","title":{"rendered":"Cookie policy"},"content":{"rendered":"\t\t<div data-elementor-type=\"wp-page\" data-elementor-id=\"6807\" class=\"elementor elementor-6807 elementor-2408\" data-elementor-post-type=\"page\">\n\t\t\t\t\t\t<section class=\"elementor-section elementor-top-section elementor-element elementor-element-38409fd elementor-section-boxed elementor-section-height-default elementor-section-height-default\" data-id=\"38409fd\" data-element_type=\"section\">\n\t\t\t\t\t\t<div class=\"elementor-container elementor-column-gap-default\">\n\t\t\t\t\t<div class=\"elementor-column elementor-col-100 elementor-top-column elementor-element elementor-element-ef06fc7\" data-id=\"ef06fc7\" data-element_type=\"column\">\n\t\t\t<div class=\"elementor-widget-wrap elementor-element-populated\">\n\t\t\t\t\t\t<div class=\"elementor-element elementor-element-8c482a0 elementor-widget elementor-widget-text-editor\" data-id=\"8c482a0\" data-element_type=\"widget\" data-widget_type=\"text-editor.default\">\n\t\t\t\t<div class=\"elementor-widget-container\">\n\t\t\t\t\t\t\t\t\t<p><strong>COOKIE-HINWEIS<\/strong><\/p><p><strong>Full cookies policy<\/strong><\/p><p><strong>Introduction<\/strong><br \/>This \u201cfull cookies policy\u201d was prepared and personalised specifically for this website on the basis of the provisions of the Italian data protection authority&#8217;s Decision of 8 May 2014.\u00a0 It supplements and updates other policies already on the website and\/or issued before now by the company. All combined they provide all the elements required by Article 13 of Regulation (EU) 2016\/679 and by the other Decisions made by the Italian Data Protection Authority.<\/p><p><strong>Important warning<\/strong><br \/>This is to inform any third parties that the Italian Data Protection Authority may apply legal remedies if this policy is used wholly or partially on other websites in connection to which it would be inapplicable, and\/or incorrect and\/or inconsistent.<\/p><p><strong>Object of the cookies policy<\/strong><br \/>Our company uses technologies on its web pages that employ \u201ccookies\u201d and the purpose of this policy is to give users a clear and precise explanation of how they are used. This document completely invalidates and replaces any previous information provided by the company on the subject of cookies, which is therefore considered completely superseded.<\/p><p><strong>What are cookies?<\/strong><br \/>Cookies are small text files sent from the website to the data subject\u2019s device (PC, tablet, Smartphone etc.), where they are stored and then sent back to that website each time the user visits it again.<\/p><p><strong>Types of cookies and their purposes<\/strong><br \/>This website uses the following types of cookies:<br \/>1.\u00a0\u00a0\u00a0<strong>\u00a0Technical cookies<\/strong>: these allow users optimal and rapid navigation of the website and efficient use of the services and\/or the various options the website offers, thereby enabling them, for example, to make a purchase, or log in to password-protected sections. These cookies are necessary to improve the user&#8217;s experience of the website but they can, in any case, be disabled.<br \/>2.\u00a0\u00a0\u00a0<strong>\u00a0Analytics cookies<\/strong>: these are anonymous and aggregate web analysis tools that can be used to collect information about how visitors use the website, how they got to the website, the number and duration of their visits, etc. These Cookies make it possible to introduce improvements to the website that facilitate user access and to compile statistics. These cookies are not necessary for the best user experience of the website and they can, therefore, be disabled.<br \/>3.\u00a0\u00a0 \u00a0<strong>Third-party cookies:<\/strong>\u00a0are cookies installed on the user&#8217;s terminal equipment by operators of third-party sites, through this site. Third-party cookies are mainly used for analysis and most of them use Google Analytics. For more information about Google Analytics, click on the following link:\u00a0<a href=\"http:\/\/web.archive.org\/web\/20230619182944\/http:\/www.google.it\/intl\/en_uk\/analytics\">http:\/\/www.google.it\/intl\/en_uk\/analytics<\/a>\/.<br \/>To disable cookies and prevent Google Analytics from collecting your browsing data, download the browser add-on to opt out of Google Analytics, by clicking on the following link:\u00a0<a href=\"http:\/\/web.archive.org\/web\/20230619182944\/https:\/tools.google.com\/dlpage\/gaoptout.\">https:\/\/tools.google.com\/dlpage\/gaoptout.<\/a><\/p><p><strong>Browser settings<\/strong><br \/>You can also configure, freely and at any time, your privacy settings in relation to the installation and use of cookies, directly through your browser by following the instructions.<br \/>In particular, you can set up what is known as &#8220;private browsing&#8221;, whereby your browsing program stops saving your browsing history, any passwords you enter, cookies and any information about the sites and pages you\u2019ve visited.<br \/>Please note that if you decide to disable all cookies (including technical cookies), the quality and speed of the services provided by this website could deteriorate dramatically and you may lose access to certain sections of the site itself.<\/p><p><strong>Practical information about how to correctly configure your browser<\/strong><br \/>To block or limit the use of cookies, both by this site and by other websites, directly through your browser, you can follow the simple instructions below, referring to the most popular browsers.<br \/><em>Google Chrome<\/em>: At the top-right, click on the \u201cMore\u201d and then select \u201cSettings\u201d. At the bottom, click \u201cShow advanced settings\u201d. In the \u201cPrivacy\u201d section, click \u201cContent settings\u201d. Under \u201cCookies\u201d, choose to allow or block all or some cookies.<br \/><em>Microsoft Internet Explorer<\/em><strong>:<\/strong>\u00a0click on the \u201cTools\u201d\u00a0 button at the top-right, and then select \u201cInternet options\u201d. Select the \u201cPrivacy\u201d tab, where you can block all or some cookies.<br \/><em>Mozilla Firefox<\/em>: click the menu button in the top-right corner of the page and choose \u201cOptions\u201d. Select the \u201cPrivacy and Security\u201d panel, where you can block all or some cookies.<\/p><p>\u00a0<\/p><p>Diese Webseite verwendet Cookies.<\/p><p>Wir informieren Sie, dass diese Website &#8220;technische Cookies&#8221; verwendet, die zur Optimierung der Navigation erforderlich sind, aber auch &#8220;Analyse-Cookies&#8221;, um Statistiken zu erstellen, sowie &#8220;Profiling-Cookies&#8221;. um Ihre Surfgewohnheiten zu untersuchen, um Ihnen gezielte Werbung und &#8220;Cookies von Drittanbietern&#8221; anzuzeigen. Weitere Informationen zur Verwendung von Cookies finden Sie unter \u00dcberpr\u00fcfen Sie die vollst\u00e4ndigen Informationen (<a href=\"http:\/\/web.archive.org\/web\/20231013092857\/https:\/www.ceramichepiemme.de\/cookie-hinweis\">klicken Sie hier<\/a>).<\/p><p>Sie k\u00f6nnen alle Cookies akzeptieren oder Ihre Einstellungen verwalten, indem Sie unten klicken.<\/p><p>Cookies sind kleine Textdateien, die von Webseiten verwendet werden, um die Benutzererfahrung effizienter zu gestalten.<br \/><br \/>Laut Gesetz k\u00f6nnen wir Cookies auf Ihrem Ger\u00e4t speichern, wenn diese f\u00fcr den Betrieb dieser Seite unbedingt notwendig sind. F\u00fcr alle anderen Cookie-Typen ben\u00f6tigen wir Ihre Erlaubnis.<br \/><br \/>Diese Seite verwendet unterschiedliche Cookie-Typen. Einige Cookies werden von Drittparteien platziert, die auf unseren Seiten erscheinen.<br \/><br \/>Sie k\u00f6nnen Ihre Einwilligung jederzeit von der Cookie-Erkl\u00e4rung auf unserer Website \u00e4ndern oder widerrufen.<br \/><br \/>Erfahren Sie in unserer Datenschutzrichtlinie mehr dar\u00fcber, wer wir sind, wie Sie uns kontaktieren k\u00f6nnen und wie wir personenbezogene Daten verarbeiten.<br \/><br \/>Bitte geben Sie Ihre Einwilligungs-ID und das Datum an, wenn Sie uns bez\u00fcglich Ihrer Einwilligung kontaktieren.<\/p><p>Ihre Einwilligung trifft auf die folgenden Domains zu: www.ceramichepiemme.de<\/p><p>Ihr aktueller Zustand: Ablehnen.\u00a0<\/p><p>Ihre Einwilligungs-ID:\u00a0ax1jIl\/NnnN7t5KDHuIzgb79nxF7kvTpmnjB6Yp5qnLj+3RigSk6wg==Einwilligungsdatum:\u00a0Freitag, 13. Oktober 2023 um 11:29:32 MESZ<\/p><p><a href=\"http:\/\/web.archive.org\/web\/20230619182944\/https:\/www.ceramichepiemme.de\/cookie-hinweis\">Einwilligung \u00e4ndern<\/a><\/p><p><br \/><br \/><\/p><p>Die Cookie-Erkl\u00e4rung wurde das letzte Mal am 27\/08\/2023 von\u00a0<a href=\"http:\/\/web.archive.org\/web\/20231013092857\/https:\/www.cookiebot.com\">Cookiebot<\/a>\u00a0aktualisiert:<\/p><p>Notwendig (8)<\/p><p>Notwendige Cookies helfen dabei, eine Webseite nutzbar zu machen, indem sie Grundfunktionen wie Seitennavigation und Zugriff auf sichere Bereiche der Webseite erm\u00f6glichen. Die Webseite kann ohne diese Cookies nicht richtig funktionieren.<\/p><table width=\"732\"><thead><tr><td><p><strong>Name<\/strong><\/p><\/td><td><p><strong>Anbieter<\/strong><\/p><\/td><td><p><strong>Zweck<\/strong><\/p><\/td><td><p><strong>Ablauf<\/strong><\/p><\/td><td><p><strong>Typ<\/strong><\/p><\/td><\/tr><\/thead><tbody><tr><td><p>ASP.NET_SessionId<\/p><\/td><td><p><a href=\"http:\/\/web.archive.org\/web\/20231013092857\/https:\/www.allibo.com\/it\/privacy\/cookie-policy.aspx\">Allibo<\/a><\/p><\/td><td><p>Beh\u00e4lt die Zust\u00e4nde des Benutzers bei allen Seitenanfragen bei.<\/p><\/td><td><p>Session<\/p><\/td><td><p>HTTP Cookie<\/p><\/td><\/tr><tr><td><p>bscookie<\/p><\/td><td><p><a href=\"http:\/\/web.archive.org\/web\/20231013092857\/https:\/www.linkedin.com\/legal\/privacy-policy\">LinkedIn<\/a><\/p><\/td><td><p>Dieser Cookie wird verwendet, um den Besucher \u00fcber eine Anwendung zu identifizieren. Dadurch kann sich der Besucher beispielsweise \u00fcber seine LinkedIn-Anwendung bei einer webseite anmelden.<\/p><\/td><td><p>1 Jahr<\/p><\/td><td><p>HTTP Cookie<\/p><\/td><\/tr><tr><td><p>CookieConsent<\/p><\/td><td><p><a href=\"http:\/\/web.archive.org\/web\/20231013092857\/https:\/www.cookiebot.com\/goto\/privacy-policy\/\">Cookiebot<\/a><\/p><\/td><td><p>Speichert den Zustimmungsstatus des Benutzers f\u00fcr Cookies auf der aktuellen Dom\u00e4ne.<\/p><\/td><td><p>1 Jahr<\/p><\/td><td><p>HTTP Cookie<\/p><\/td><\/tr><tr><td><p>is_eu<\/p><\/td><td><p><a href=\"http:\/\/web.archive.org\/web\/20231013092857\/https:\/policy.pinterest.com\/en\/privacy-policy\">Pinterest<\/a><\/p><\/td><td><p>Ermittelt, ob sich der Nutzer innerhalb der EU befindet und somit den EU-Datenschutzbestimmungen unterliegt.<\/p><\/td><td><p>Session<\/p><\/td><td><p>HTML Local Storage<\/p><\/td><\/tr><tr><td><p>JSESSIONID<\/p><\/td><td><p>www.ceramichepiemme.de<\/p><\/td><td><p>Beh\u00e4lt die Zust\u00e4nde des Benutzers bei allen Seitenanfragen bei.<\/p><\/td><td><p>Session<\/p><\/td><td><p>HTTP Cookie<\/p><\/td><\/tr><tr><td><p>li_gc<\/p><\/td><td><p><a href=\"http:\/\/web.archive.org\/web\/20231013092857\/https:\/www.linkedin.com\/legal\/privacy-policy\">LinkedIn<\/a><\/p><\/td><td><p>Speichert den Zustimmungsstatus des Benutzers f\u00fcr Cookies auf der aktuellen Dom\u00e4ne.<\/p><\/td><td><p>180 Tage<\/p><\/td><td><p>HTTP Cookie<\/p><\/td><\/tr><tr><td><p>rc::a<\/p><\/td><td><p><a href=\"http:\/\/web.archive.org\/web\/20231013092857\/https:\/policies.google.com\/privacy\">Google<\/a><\/p><\/td><td><p>Dieser Cookie wird verwendet, um zwischen Menschen und Bots zu unterscheiden. Dies ist vorteilhaft f\u00fcr die Website, um g\u00fcltige Berichte \u00fcber die Nutzung Ihrer Website zu erstellen.<\/p><\/td><td><p>Persistent<\/p><\/td><td><p>HTML Local Storage<\/p><\/td><\/tr><tr><td><p>rc::c<\/p><\/td><td><p><a href=\"http:\/\/web.archive.org\/web\/20231013092857\/https:\/policies.google.com\/privacy\">Google<\/a><\/p><\/td><td><p>Dieser Cookie wird verwendet, um zwischen Menschen und Bots zu unterscheiden.<\/p><\/td><td><p>Session<\/p><\/td><td><p>HTML Local Storage<\/p><\/td><\/tr><\/tbody><\/table><p>Statistiken (6)<\/p><p>Statistik-Cookies helfen Webseiten-Besitzern zu verstehen, wie Besucher mit Webseiten interagieren, indem Informationen anonym gesammelt und gemeldet werden.<\/p><table width=\"732\"><thead><tr><td><p><strong>Name<\/strong><\/p><\/td><td><p><strong>Anbieter<\/strong><\/p><\/td><td><p><strong>Zweck<\/strong><\/p><\/td><td><p><strong>Ablauf<\/strong><\/p><\/td><td><p><strong>Typ<\/strong><\/p><\/td><\/tr><\/thead><tbody><tr><td><p>_ga<\/p><\/td><td><p><a href=\"http:\/\/web.archive.org\/web\/20231013092857\/https:\/policies.google.com\/privacy\">Google<\/a><\/p><\/td><td><p>Registriert eine eindeutige ID, die verwendet wird, um statistische Daten dazu, wie der Besucher die Website nutzt, zu generieren.<\/p><\/td><td><p>2 Jahre<\/p><\/td><td><p>HTTP Cookie<\/p><\/td><\/tr><tr><td><p>_gat<\/p><\/td><td><p><a href=\"http:\/\/web.archive.org\/web\/20231013092857\/https:\/policies.google.com\/privacy\">Google<\/a><\/p><\/td><td><p>Wird von Google Analytics verwendet, um die Anforderungsrate einzuschr\u00e4nken<\/p><\/td><td><p>1 Tag<\/p><\/td><td><p>HTTP Cookie<\/p><\/td><\/tr><tr><td><p>_gid<\/p><\/td><td><p><a href=\"http:\/\/web.archive.org\/web\/20231013092857\/https:\/policies.google.com\/privacy\">Google<\/a><\/p><\/td><td><p>Registriert eine eindeutige ID, die verwendet wird, um statistische Daten dazu, wie der Besucher die Website nutzt, zu generieren.<\/p><\/td><td><p>1 Tag<\/p><\/td><td><p>HTTP Cookie<\/p><\/td><\/tr><tr><td><p>AnalyticsSyncHistory<\/p><\/td><td><p><a href=\"http:\/\/web.archive.org\/web\/20231013092857\/https:\/www.linkedin.com\/legal\/privacy-policy\">LinkedIn<\/a><\/p><\/td><td><p>Wird in Verbindung mit der Datensynchronisation mit dem Analysedienst eines Drittanbieters verwendet.<\/p><\/td><td><p>30 Tage<\/p><\/td><td><p>HTTP Cookie<\/p><\/td><\/tr><tr><td><p>collect<\/p><\/td><td><p><a href=\"http:\/\/web.archive.org\/web\/20231013092857\/https:\/policies.google.com\/privacy\">Google<\/a><\/p><\/td><td><p>Wird verwendet, um Daten zu Google Analytics \u00fcber das Ger\u00e4t und das Verhalten des Besuchers zu senden.\u00a0Erfasst den Besucher \u00fcber Ger\u00e4te und Marketingkan\u00e4le hinweg.<\/p><\/td><td><p>Session<\/p><\/td><td><p>Pixel Tracker<\/p><\/td><\/tr><tr><td><p>ln_or<\/p><\/td><td><p><a href=\"http:\/\/web.archive.org\/web\/20231013092857\/https:\/www.linkedin.com\/legal\/privacy-policy\">LinkedIn<\/a><\/p><\/td><td><p>Registriert statistische Daten \u00fcber das Verhalten der Besucher auf der Webseite. Wird vom Webmaster f\u00fcr interne Analysen verwendet.<\/p><\/td><td><p>1 Tag<\/p><\/td><td><p>HTTP Cookie<\/p><\/td><\/tr><\/tbody><\/table><p>Marketing (7)<\/p><p>Marketing-Cookies werden verwendet, um Besuchern auf Webseiten zu folgen. Die Absicht ist, Anzeigen zu zeigen, die relevant und ansprechend f\u00fcr den einzelnen Benutzer sind und daher wertvoller f\u00fcr Publisher und werbetreibende Drittparteien sind.<\/p><table width=\"732\"><thead><tr><td><p><strong>Name<\/strong><\/p><\/td><td><p><strong>Anbieter<\/strong><\/p><\/td><td><p><strong>Zweck<\/strong><\/p><\/td><td><p><strong>Ablauf<\/strong><\/p><\/td><td><p><strong>Typ<\/strong><\/p><\/td><\/tr><\/thead><tbody><tr><td><p>_fbp<\/p><\/td><td><p><a href=\"http:\/\/web.archive.org\/web\/20231013092857\/https:\/www.facebook.com\/policy.php\/\">Meta Platforms, Inc.<\/a><\/p><\/td><td><p>Wird von Facebook genutzt, um eine Reihe von Werbeprodukten anzuzeigen, zum Beispiel Echtzeitgebote dritter Werbetreibender.<\/p><\/td><td><p>3 Monate<\/p><\/td><td><p>HTTP Cookie<\/p><\/td><\/tr><tr><td><p>_pin_unauth<\/p><\/td><td><p><a href=\"http:\/\/web.archive.org\/web\/20231013092857\/https:\/policy.pinterest.com\/en\/privacy-policy\">Pinterest<\/a><\/p><\/td><td><p>Verwendet von Pinterest, um die Nutzung der Dienste zu verfolgen.<\/p><\/td><td><p>1 Jahr<\/p><\/td><td><p>HTTP Cookie<\/p><\/td><\/tr><tr><td><p>bcookie<\/p><\/td><td><p><a href=\"http:\/\/web.archive.org\/web\/20231013092857\/https:\/www.linkedin.com\/legal\/privacy-policy\">LinkedIn<\/a><\/p><\/td><td><p>Verwendet vom Social-Networking-Dienst LinkedIn f\u00fcr die Verfolgung der Verwendung von eingebetteten Dienstleistungen.<\/p><\/td><td><p>1 Jahr<\/p><\/td><td><p>HTTP Cookie<\/p><\/td><\/tr><tr><td><p>li_sugr<\/p><\/td><td><p><a href=\"http:\/\/web.archive.org\/web\/20231013092857\/https:\/www.linkedin.com\/legal\/privacy-policy\">LinkedIn<\/a><\/p><\/td><td><p>Sammelt Daten \u00fcber das Verhalten und die Interaktion von Besuchern &#8211; Dies wird verwendet, um die Webseite zu optimieren und Werbung auf der Webseite relevanter zu machen.<\/p><\/td><td><p>3 Monate<\/p><\/td><td><p>HTTP Cookie<\/p><\/td><\/tr><tr><td><p>lidc<\/p><\/td><td><p><a href=\"http:\/\/web.archive.org\/web\/20231013092857\/https:\/www.linkedin.com\/legal\/privacy-policy\">LinkedIn<\/a><\/p><\/td><td><p>Verwendet vom Social-Networking-Dienst LinkedIn f\u00fcr die Verfolgung der Verwendung von eingebetteten Dienstleistungen.<\/p><\/td><td><p>1 Tag<\/p><\/td><td><p>HTTP Cookie<\/p><\/td><\/tr><tr><td><p>UserMatchHistory<\/p><\/td><td><p><a href=\"http:\/\/web.archive.org\/web\/20231013092857\/https:\/www.linkedin.com\/legal\/privacy-policy\">LinkedIn<\/a><\/p><\/td><td><p>Wird verwendet, um Besucher auf mehreren Webseiten zu verfolgen, um relevante Werbung basierend auf den Pr\u00e4ferenzen des Besuchers zu pr\u00e4sentieren.<\/p><\/td><td><p>30 Tage<\/p><\/td><td><p>HTTP Cookie<\/p><\/td><\/tr><tr><td><p>v3\/<\/p><\/td><td><p><a href=\"http:\/\/web.archive.org\/web\/20231013092857\/https:\/policy.pinterest.com\/en\/privacy-policy\">Pinterest<\/a><\/p><\/td><td><p>Verwendet von Pinterest, um die Nutzung der Dienste zu verfolgen.<\/p><\/td><td><p>Session<\/p><\/td><td><p>Pixel Tracker<\/p><\/td><\/tr><\/tbody><\/table><p>This cookies policy was updated on: 01\/01\/2022<\/p>\t\t\t\t\t\t\t\t<\/div>\n\t\t\t\t<\/div>\n\t\t\t\t\t<\/div>\n\t\t<\/div>\n\t\t\t\t\t<\/div>\n\t\t<\/section>\n\t\t\t\t<\/div>\n\t\t","protected":false},"excerpt":{"rendered":"<p>COOKIE-HINWEIS Full cookies policy IntroductionThis \u201cfull cookies policy\u201d was prepared and personalised specifically for this website on the basis of the provisions of the Italian data<span class=\"excerpt-hellip\"> [\u2026]<\/span><\/p>\n","protected":false},"author":1,"featured_media":0,"parent":0,"menu_order":0,"comment_status":"closed","ping_status":"closed","template":"","meta":{"_monsterinsights_skip_tracking":false,"_monsterinsights_sitenote_active":false,"_monsterinsights_sitenote_note":"","_monsterinsights_sitenote_category":0,"_uf_show_specific_survey":0,"_uf_disable_surveys":false,"footnotes":""},"class_list":["post-6807","page","type-page","status-publish","hentry"],"aioseo_notices":[],"yoast_head":"<!-- This site is optimized with the Yoast SEO plugin v25.3 - https:\/\/yoast.com\/wordpress\/plugins\/seo\/ -->\n<title>Cookie policy - Ceramiche Piemme<\/title>\n<meta name=\"robots\" content=\"index, follow, max-snippet:-1, max-image-preview:large, max-video-preview:-1\" \/>\n<link rel=\"canonical\" href=\"https:\/\/www.ceramiche-piemme.com\/de\/cookie-policy\/\" \/>\n<meta property=\"og:locale\" content=\"de_DE\" \/>\n<meta property=\"og:type\" content=\"article\" \/>\n<meta property=\"og:title\" content=\"Cookie policy - Ceramiche Piemme\" \/>\n<meta property=\"og:description\" content=\"COOKIE-HINWEIS Full cookies policy IntroductionThis \u201cfull cookies policy\u201d was prepared and personalised specifically for this website on the basis of the provisions of the Italian data [\u2026]\" \/>\n<meta property=\"og:url\" content=\"https:\/\/www.ceramiche-piemme.com\/de\/cookie-policy\/\" \/>\n<meta property=\"og:site_name\" content=\"Ceramiche Piemme\" \/>\n<meta property=\"article:publisher\" content=\"https:\/\/www.facebook.com\/CeramichePiemme\/\" \/>\n<meta property=\"article:modified_time\" content=\"2023-10-24T08:54:36+00:00\" \/>\n<meta name=\"twitter:card\" content=\"summary_large_image\" \/>\n<meta name=\"twitter:site\" content=\"@CeramichePiemme\" \/>\n<meta name=\"twitter:label1\" content=\"Gesch\u00e4tzte Lesezeit\" \/>\n\t<meta name=\"twitter:data1\" content=\"8\u00a0Minuten\" \/>\n<script type=\"application\/ld+json\" class=\"yoast-schema-graph\">{\"@context\":\"https:\/\/schema.org\",\"@graph\":[{\"@type\":\"WebPage\",\"@id\":\"https:\/\/www.ceramiche-piemme.com\/de\/cookie-policy\/\",\"url\":\"https:\/\/www.ceramiche-piemme.com\/de\/cookie-policy\/\",\"name\":\"Cookie policy - Ceramiche Piemme\",\"isPartOf\":{\"@id\":\"https:\/\/www.ceramiche-piemme.com\/de\/#website\"},\"datePublished\":\"2023-09-04T07:26:56+00:00\",\"dateModified\":\"2023-10-24T08:54:36+00:00\",\"breadcrumb\":{\"@id\":\"https:\/\/www.ceramiche-piemme.com\/de\/cookie-policy\/#breadcrumb\"},\"inLanguage\":\"de\",\"potentialAction\":[{\"@type\":\"ReadAction\",\"target\":[\"https:\/\/www.ceramiche-piemme.com\/de\/cookie-policy\/\"]}]},{\"@type\":\"BreadcrumbList\",\"@id\":\"https:\/\/www.ceramiche-piemme.com\/de\/cookie-policy\/#breadcrumb\",\"itemListElement\":[{\"@type\":\"ListItem\",\"position\":1,\"name\":\"Ceramiche Piemme\",\"item\":\"https:\/\/www.ceramiche-piemme.com\/de\/\"},{\"@type\":\"ListItem\",\"position\":2,\"name\":\"Cookie policy\"}]},{\"@type\":\"WebSite\",\"@id\":\"https:\/\/www.ceramiche-piemme.com\/de\/#website\",\"url\":\"https:\/\/www.ceramiche-piemme.com\/de\/\",\"name\":\"Ceramiche Piemme\",\"description\":\"Ceramiche Piemme: Gres Porcellanato Made in Italy dal 1962\",\"publisher\":{\"@id\":\"https:\/\/www.ceramiche-piemme.com\/de\/#organization\"},\"potentialAction\":[{\"@type\":\"SearchAction\",\"target\":{\"@type\":\"EntryPoint\",\"urlTemplate\":\"https:\/\/www.ceramiche-piemme.com\/de\/?s={search_term_string}\"},\"query-input\":{\"@type\":\"PropertyValueSpecification\",\"valueRequired\":true,\"valueName\":\"search_term_string\"}}],\"inLanguage\":\"de\"},{\"@type\":\"Organization\",\"@id\":\"https:\/\/www.ceramiche-piemme.com\/de\/#organization\",\"name\":\"Ceramiche Piemme\",\"url\":\"https:\/\/www.ceramiche-piemme.com\/de\/\",\"logo\":{\"@type\":\"ImageObject\",\"inLanguage\":\"de\",\"@id\":\"https:\/\/www.ceramiche-piemme.com\/de\/#\/schema\/logo\/image\/\",\"url\":\"http:\/\/www.ceramiche-piemme.com\/wp-content\/uploads\/2023\/06\/logo.jpg\",\"contentUrl\":\"http:\/\/www.ceramiche-piemme.com\/wp-content\/uploads\/2023\/06\/logo.jpg\",\"width\":522,\"height\":87,\"caption\":\"Ceramiche Piemme\"},\"image\":{\"@id\":\"https:\/\/www.ceramiche-piemme.com\/de\/#\/schema\/logo\/image\/\"},\"sameAs\":[\"https:\/\/www.facebook.com\/CeramichePiemme\/\",\"https:\/\/x.com\/CeramichePiemme\",\"https:\/\/it.pinterest.com\/ceramichepiemme\/\",\"https:\/\/www.youtube.com\/user\/CERAMICHEPIEMME\",\"https:\/\/www.instagram.com\/ceramichepiemme\/\",\"https:\/\/www.linkedin.com\/company\/9676212\/\",\"https:\/\/vimeo.com\/ceramichepiemme\"]}]}<\/script>\n<!-- \/ Yoast SEO plugin. -->","yoast_head_json":{"title":"Cookie policy - Ceramiche Piemme","robots":{"index":"index","follow":"follow","max-snippet":"max-snippet:-1","max-image-preview":"max-image-preview:large","max-video-preview":"max-video-preview:-1"},"canonical":"https:\/\/www.ceramiche-piemme.com\/de\/cookie-policy\/","og_locale":"de_DE","og_type":"article","og_title":"Cookie policy - Ceramiche Piemme","og_description":"COOKIE-HINWEIS Full cookies policy IntroductionThis \u201cfull cookies policy\u201d was prepared and personalised specifically for this website on the basis of the provisions of the Italian data [\u2026]","og_url":"https:\/\/www.ceramiche-piemme.com\/de\/cookie-policy\/","og_site_name":"Ceramiche Piemme","article_publisher":"https:\/\/www.facebook.com\/CeramichePiemme\/","article_modified_time":"2023-10-24T08:54:36+00:00","twitter_card":"summary_large_image","twitter_site":"@CeramichePiemme","twitter_misc":{"Gesch\u00e4tzte Lesezeit":"8\u00a0Minuten"},"schema":{"@context":"https:\/\/schema.org","@graph":[{"@type":"WebPage","@id":"https:\/\/www.ceramiche-piemme.com\/de\/cookie-policy\/","url":"https:\/\/www.ceramiche-piemme.com\/de\/cookie-policy\/","name":"Cookie policy - Ceramiche Piemme","isPartOf":{"@id":"https:\/\/www.ceramiche-piemme.com\/de\/#website"},"datePublished":"2023-09-04T07:26:56+00:00","dateModified":"2023-10-24T08:54:36+00:00","breadcrumb":{"@id":"https:\/\/www.ceramiche-piemme.com\/de\/cookie-policy\/#breadcrumb"},"inLanguage":"de","potentialAction":[{"@type":"ReadAction","target":["https:\/\/www.ceramiche-piemme.com\/de\/cookie-policy\/"]}]},{"@type":"BreadcrumbList","@id":"https:\/\/www.ceramiche-piemme.com\/de\/cookie-policy\/#breadcrumb","itemListElement":[{"@type":"ListItem","position":1,"name":"Ceramiche Piemme","item":"https:\/\/www.ceramiche-piemme.com\/de\/"},{"@type":"ListItem","position":2,"name":"Cookie policy"}]},{"@type":"WebSite","@id":"https:\/\/www.ceramiche-piemme.com\/de\/#website","url":"https:\/\/www.ceramiche-piemme.com\/de\/","name":"Ceramiche Piemme","description":"Ceramiche Piemme: Gres Porcellanato Made in Italy dal 1962","publisher":{"@id":"https:\/\/www.ceramiche-piemme.com\/de\/#organization"},"potentialAction":[{"@type":"SearchAction","target":{"@type":"EntryPoint","urlTemplate":"https:\/\/www.ceramiche-piemme.com\/de\/?s={search_term_string}"},"query-input":{"@type":"PropertyValueSpecification","valueRequired":true,"valueName":"search_term_string"}}],"inLanguage":"de"},{"@type":"Organization","@id":"https:\/\/www.ceramiche-piemme.com\/de\/#organization","name":"Ceramiche Piemme","url":"https:\/\/www.ceramiche-piemme.com\/de\/","logo":{"@type":"ImageObject","inLanguage":"de","@id":"https:\/\/www.ceramiche-piemme.com\/de\/#\/schema\/logo\/image\/","url":"http:\/\/www.ceramiche-piemme.com\/wp-content\/uploads\/2023\/06\/logo.jpg","contentUrl":"http:\/\/www.ceramiche-piemme.com\/wp-content\/uploads\/2023\/06\/logo.jpg","width":522,"height":87,"caption":"Ceramiche Piemme"},"image":{"@id":"https:\/\/www.ceramiche-piemme.com\/de\/#\/schema\/logo\/image\/"},"sameAs":["https:\/\/www.facebook.com\/CeramichePiemme\/","https:\/\/x.com\/CeramichePiemme","https:\/\/it.pinterest.com\/ceramichepiemme\/","https:\/\/www.youtube.com\/user\/CERAMICHEPIEMME","https:\/\/www.instagram.com\/ceramichepiemme\/","https:\/\/www.linkedin.com\/company\/9676212\/","https:\/\/vimeo.com\/ceramichepiemme"]}]}},"_links":{"self":[{"href":"https:\/\/www.ceramiche-piemme.com\/de\/wp-json\/wp\/v2\/pages\/6807","targetHints":{"allow":["GET"]}}],"collection":[{"href":"https:\/\/www.ceramiche-piemme.com\/de\/wp-json\/wp\/v2\/pages"}],"about":[{"href":"https:\/\/www.ceramiche-piemme.com\/de\/wp-json\/wp\/v2\/types\/page"}],"author":[{"embeddable":true,"href":"https:\/\/www.ceramiche-piemme.com\/de\/wp-json\/wp\/v2\/users\/1"}],"replies":[{"embeddable":true,"href":"https:\/\/www.ceramiche-piemme.com\/de\/wp-json\/wp\/v2\/comments?post=6807"}],"version-history":[{"count":4,"href":"https:\/\/www.ceramiche-piemme.com\/de\/wp-json\/wp\/v2\/pages\/6807\/revisions"}],"predecessor-version":[{"id":6811,"href":"https:\/\/www.ceramiche-piemme.com\/de\/wp-json\/wp\/v2\/pages\/6807\/revisions\/6811"}],"wp:attachment":[{"href":"https:\/\/www.ceramiche-piemme.com\/de\/wp-json\/wp\/v2\/media?parent=6807"}],"curies":[{"name":"wp","href":"https:\/\/api.w.org\/{rel}","templated":true}]}}