{"id":6815,"date":"2023-09-04T07:21:38","date_gmt":"2023-09-04T07:21:38","guid":{"rendered":"https:\/\/www.ceramiche-piemme.com\/privacy\/"},"modified":"2023-10-24T09:17:32","modified_gmt":"2023-10-24T09:17:32","slug":"privacy","status":"publish","type":"page","link":"https:\/\/www.ceramiche-piemme.com\/de\/privacy\/","title":{"rendered":"Privacy"},"content":{"rendered":"\t\t<div data-elementor-type=\"wp-page\" data-elementor-id=\"6815\" class=\"elementor elementor-6815 elementor-2403\" data-elementor-post-type=\"page\">\n\t\t\t\t\t\t<section class=\"elementor-section elementor-top-section elementor-element elementor-element-38409fd elementor-section-boxed elementor-section-height-default elementor-section-height-default\" data-id=\"38409fd\" data-element_type=\"section\">\n\t\t\t\t\t\t<div class=\"elementor-container elementor-column-gap-default\">\n\t\t\t\t\t<div class=\"elementor-column elementor-col-100 elementor-top-column elementor-element elementor-element-ef06fc7\" data-id=\"ef06fc7\" data-element_type=\"column\">\n\t\t\t<div class=\"elementor-widget-wrap elementor-element-populated\">\n\t\t\t\t\t\t<div class=\"elementor-element elementor-element-8c482a0 elementor-widget elementor-widget-text-editor\" data-id=\"8c482a0\" data-element_type=\"widget\" data-widget_type=\"text-editor.default\">\n\t\t\t\t<div class=\"elementor-widget-container\">\n\t\t\t\t\t\t\t\t\t<h2>PRIVACY POLICY FOR THE WEBSITE<\/h2><p>Re: Privacy Policy for the website<\/p><p>This page describes how the personal data of visitors to this website are processed.<\/p><p>This policy is provided in accordance with Article 13 of Regulation (EU) 2016\/679 to everyone who interacts with the company&#8217;s web services.<\/p><p>This policy is provided for this website only and not for other websites that users may connect to using links.<\/p><p>This policy also identifies some minimum requirements for collecting personal data online, and, more specifically, the methods, timing, and nature of the information that data controllers must give users when they connect to these web pages, for whatever purpose.<\/p><p>\u00a0<\/p><p>DATA \u201cCONTROLLER\u201d<\/p><p>After visiting this site, and acquiring information submitted by users, data related to identified or identifiable persons may be processed.<\/p><p>The Data \u201cController\u201d is Industrie Ceramiche Piemme S.p.A., acting through its legal representative pro tempore.<\/p><p>\u00a0<\/p><p>WHERE WE PROCESS YOUR DATA<\/p><p>Data connected to the web services of this site are processed at the head offices and are only handled by data processing personnel, or by any persons tasked with occasional maintenance operations.<\/p><p>No data generated by the web service will be disclosed or disseminated.<\/p><p>The personal data provided by users who ask for informative material (bulletins, CD-ROMs, catalogues, price lists, answers to queries, various acts, etc..) are only used to perform the service or provision requested.<\/p><p>\u00a0<\/p><p>TYPES OF DATA PROCESSED<\/p><p>Browsing data<\/p><p>As part of their normal functions, the IT systems and applications employed to run this website collect some personal data (the transmission of which is implicit in the use of internet communication protocols).<\/p><p>These data are not collected to be associated with any identified data subjects; however, by their very nature, they may make users identifiable after being processed and matched with data held by third parties.<\/p><p>This data category includes IP addresses or domain names of the computers used to access the website, URI (Uniform Resource Identifier) addresses of the requested resources, the time of such requests, the method used to submit the request to the server, the size of the returned file, the numerical code of the server-response status (completed, error, etc.) and other parameters relating to the user&#8217;s operating system and IT environment.<\/p><p>These data are used only to collect anonymous statistical data about use of the website, and to make sure it is working properly and are deleted as soon as they are processed. The data may be used to investigate culpability in the event of hypothetical cybercrime against the site: except for this possibility, the data on web contacts do not persist for more than seven days.<\/p><p>\u00a0<\/p><p>Data provided voluntarily by users<\/p><p>Explicit and voluntary optional transmission of emails to the addresses provided on this website means the sender\u2019s email address (needed to respond to requests) and any other information included in the email message will be acquired.<\/p><p>Concise information will be provided or displayed on the web pages set up for particular services on request.<\/p><p>\u00a0<\/p><p>USE OF COOKIES<\/p><p>Please refer to the additional, specific \u201cfull cookies policy\u201d published on this website and prepared on the basis of the provisions of the Italian data protection authority&#8217;s Decision of 8 May 2014, supplementing and completing this policy.<\/p><p>\u00a0<\/p><p>OPTIONAL SUBMISSION OF DATA<\/p><p>Apart from what has been specified for browsing data, you are free to provide your personal data or not.<\/p><p>Failure to provide them may make it impossible to obtain what you requested.<\/p><p>\u00a0<\/p><p>HOW WE PROCESS YOUR DATA<\/p><p>We process personal data by automated means for the time strictly necessary to achieve the purposes for which they were collected.<\/p><p>We have implemented specific security measures to prevent the loss, unlawful or improper use of data, as well as unauthorised access.<\/p><p>\u00a0<\/p><p>TRANSFERS TO A THIRD COUNTRY<\/p><p>Any transfers of personal data to a third country outside the EU or to an international organisation shall be made on the basis of an adequacy decision by the Commission, or in the case of transfers referred to in Article 46 or 47, or the second subparagraph of Article 49 of the GDPR, on the basis of appropriate or suitable safeguards.<\/p><p>\u00a0<\/p><p>RIGHTS OF DATA SUBJECTS<\/p><p>As data subject you have the right, at any time, to access your personal data, the right to erase them or to restrict their processing, the right to object to the processing of your personal data, in addition to the right to data portability; you also have the right to lodge a complaint with the Supervisory Authority.<\/p><p>Your requests must be submitted to the Data Controller or to the Data Protection Officer, identified as Annachiara Grasselli, based in Reggio Emilia, Via Piccard n. 16\/G, tel. +39 0522\/30.11.69, fax. +39 0522\/38.79.96.<\/p><p>\u00a0<\/p><p>This is the \u201cPrivacy Policy\u201d of this website and it will be periodically updated.<\/p><p>\u00a0<\/p><p><strong>INFORMATION F\u00dcR KUNDEN UND LIEFERANTEN<\/strong><\/p><p>Betreff: Information von Industrie Ceramiche Piemme S.p.A. f\u00fcr Kunden und Lieferanten nach Art. 13 der Verordnung (EU) 2016\/679<\/p><p>Diese Information entspricht Art. 13 der Verordnung (EU) 2016\/679 (im Folgenden auch der Einfachheit halber Verordnung (EU)), welche wichtige normative \u00c4nderungen eingef\u00fchrt hat.<\/p><p>Diese Information aktualisiert und ersetzt daher eventuelle fr\u00fchere Versionen.<\/p><p>Dies vorausgeschickt, wird auf Folgendes hingewiesen:<\/p><p>1) Aufgrund der bestehenden Gesch\u00e4ftsbeziehungen und im Laufe ihrer Abwicklung erheben und verarbeiten wir Ihre personenbezogenen Daten;<\/p><p>2) der Klarheit halber f\u00fchren wir vorab folgende Definitionen der genannten Verordnung (EU) auf:<\/p><p>Personenbezogene Daten: Jede Information, die eine identifizierte oder identifizierbare nat\u00fcrliche Person betrifft (\u00abBetroffener\u00bb); als identifizierbar gilt die nat\u00fcrliche Person, die direkt oder indirekt identifizierbar ist durch Angaben wie Name, eine Identifikationsnummer, Angaben zum Standort, ein Online-Identifikationscode oder durch eines oder mehrere typischen Elemente der k\u00f6rperlichen, genetischen, psychischen, wirtschaftlichen, kulturellen oder sozialen Identit\u00e4t,<\/p><p>Verarbeitung: jeglicher Vorgang oder jegliche Reihe von Vorg\u00e4ngen hinsichtlich personenbezogener Daten oder Gesamtheiten personenbezogener Daten mit oder ohne Hilfe automatisierter Verfahren wie die Erhebung, Registrierung, Organisation, Strukturierung, Aufbewahrung, Anpassung oder Ver\u00e4nderung, das Auslesen, das Abfragen, Konsultieren, die Verwendung, Weitergabe durch \u00dcbermittlung, Verbreitung oder jede andere Form der Bereitstellung, der Vergleich oder die Verkn\u00fcpfung sowie die Einschr\u00e4nkung, L\u00f6schung oder Vernichtung.<\/p><p>Nach Artikel 13 der Verordnung (EU) 2016\/679<\/p><p>teilen wir Ihnen mit,<\/p><p>dass die Erhebung und Verarbeitung Ihrer personenbezogenen Daten durch die unterzeichnete Firma nachstehenden Bestimmungen gem\u00e4\u00df erfolgen:<\/p><ol><li>a) Zwecke: Die Daten werden zur korrekten Abwicklung der buchhalterischen, steuerlichen, gesch\u00e4ftlichen, technischen Aufgaben sowie f\u00fcr alle betrieblichen und generell mit der bestehenden Gesch\u00e4ftsbeziehung verbundenen Aktivit\u00e4ten verarbeitet;<\/li><li>b) Werbezwecke: Die Daten k\u00f6nnen gegebenenfalls nach Ihrer spezifischen und ausdr\u00fccklichen Einwilligung auch zur Zusendung von Werbematerial\/-mitteilungen per Post, E-Mail, Telefon, Telefax, SMS u.\u00e4. verwendet werden; auch nach Erteilung Ihrer Einwilligung haben Sie jedoch das Recht, sich jederzeit und kostenfrei der Verarbeitung Ihrer Daten zu diesem Zweck zu widersetzen;<\/li><li>c) Modalit\u00e4ten: Die Daten werden sowohl in gedruckter Form auf Papier als auch auf elektronischen\/telematischen Tr\u00e4gern verarbeitet, unter voller Beachtung der gesetzlichen Bestimmungen sowie nach dem Prinzip der Gesetzm\u00e4\u00dfigkeit und Korrektheit sowie derart, dass ihre Vertraulichkeit gew\u00e4hrleistet ist;<\/li><li>d) Freiwilligkeit der Angabe: Die Angabe der Daten ist freiwillig und nicht zwingend;<\/li><li>e) Folgen einer eventuellen Verweigerung: Die Weigerung, die Daten anzugeben oder die vollst\u00e4ndige Verweigerung ihrer Verarbeitung kann dazu f\u00fchren, dass jegliche gesch\u00e4ftliche oder anderweitige Beziehung zu unserer Firma nicht fortgesetzt werden kann; das Untersagen der Verwendung der Daten zur Zusendung von Werbematerial\/-mitteilungen hat hingegen keinerlei Auswirkungen auf bestehende oder zuk\u00fcnftige Beziehungen;<\/li><li>f) Rechtspersonen oder Kategorien von Rechtspersonen (Empf\u00e4nger), an die die Daten weitergegeben werden k\u00f6nnen: Die Daten k\u00f6nnen Dritten nur zur Erf\u00fcllung gesetzlicher Auflagen oder vertraglicher Verpflichtungen mitgeteilt werden. Die Daten werden in keinem Fall verbreitet;<\/li><li>g) Zur Verarbeitung autorisierte Personen: Die Daten werden ausschlie\u00dflich von ausdr\u00fccklich hierzu befugtem Verwaltungs- und Vertriebspersonal des Unternehmens verarbeitet;<\/li><li>h) Automatisierte Entscheidungsprozesse (z.B. Profilerstellung): Automatisierte Entscheidungsprozesse werden in keiner Weise abgewickelt;<\/li><li>i) Rechte der betroffenen Person: Sie haben alle von der Verordnung (EU) zugesprochenen Rechte. Dazu geh\u00f6ren: Das Recht, Zugang zu den personenbezogenen Daten und ihre Berichtigung, die L\u00f6schung derselben und die Einschr\u00e4nkung der Verarbeitung zu verlangen, das Recht auf Einspruch gegen die Verarbeitung sowie das Recht auf \u00dcbertragbarkeit der Daten. Sie haben des Weiteren das Recht auf Beschwerde bei der Aufsichtsbeh\u00f6rde;<\/li><li>j) \u00dcbermittlung in Drittl\u00e4nder: Die eventuelle \u00dcbermittlung personenbezogener Daten in ein Drittland au\u00dferhalb der Europ\u00e4ischen Union oder an eine internationale Organisation erfolgt auf Basis einer Entscheidung der Kommission \u00fcber die Angemessenheit, bzw. im Fall von \u00dcbermittlungen nach Artikel 46, 47 oder 49 Absatz zwei der Verordnung (EU) auf Basis angemessener und zweckgem\u00e4\u00dfer Garantien;<\/li><li>k) Zeitraum der Aufbewahrung der Daten: Die Daten werden f\u00fcr den zur Erf\u00fcllung der Anforderungen des Betroffenen streng erforderlichen Zeitraum bzw. den geltenden Gesetzen oder eventuellen vertraglichen Bestimmungen gem\u00e4\u00df aufbewahrt;<\/li><li>l) Rechtsinhaber: Rechtsinhaber der Datenverarbeitung ist Industrie Ceramiche Piemme S.p.A. mit Gesch\u00e4ftssitz in Fiorano Modenese (MO), Via Del Crociale 42\/44, in der Person des amtierenden Rechtsvertreters;<\/li><li>m) Datenschutzbeauftragter: Datenschutzbeauftragte ist Frau Dott.ssa Annachiara Grasselli mit Gesch\u00e4ftsadresse in Reggio Emilia, Via Piccard 16\/G, Tel. +39 0522\/30.11.69, Fax +39 0522\/38.79.96. Zur Einholung jeglicher Ausk\u00fcnfte oder Kl\u00e4rungen wenden Sie sich bitte an diese Beauftragte.<\/li><\/ol><p>Diese Information kann m\u00fcndlich oder schriftlich um weitere Elemente und Hinweise erg\u00e4nzt werden, um Sie in Sachen Datenschutz bestm\u00f6glich zu informieren sowie um k\u00fcnftige normative Entwicklungen zu erf\u00fcllen.<\/p><p>Fiorano Modenese (MO), 24.04.2018<\/p><p>Der Rechtsinhaber der Datenverarbeitung<\/p><p>Industrie Ceramiche Piemme S.p.A.<\/p>\t\t\t\t\t\t\t\t<\/div>\n\t\t\t\t<\/div>\n\t\t\t\t\t<\/div>\n\t\t<\/div>\n\t\t\t\t\t<\/div>\n\t\t<\/section>\n\t\t\t\t<\/div>\n\t\t","protected":false},"excerpt":{"rendered":"<p>PRIVACY POLICY FOR THE WEBSITE Re: Privacy Policy for the website This page describes how the personal data of visitors to this website are processed. This<span class=\"excerpt-hellip\"> [\u2026]<\/span><\/p>\n","protected":false},"author":1,"featured_media":0,"parent":0,"menu_order":0,"comment_status":"closed","ping_status":"closed","template":"","meta":{"_monsterinsights_skip_tracking":false,"_monsterinsights_sitenote_active":false,"_monsterinsights_sitenote_note":"","_monsterinsights_sitenote_category":0,"_uf_show_specific_survey":0,"_uf_disable_surveys":false,"footnotes":""},"class_list":["post-6815","page","type-page","status-publish","hentry"],"aioseo_notices":[],"yoast_head":"<!-- This site is optimized with the Yoast SEO plugin v25.3 - https:\/\/yoast.com\/wordpress\/plugins\/seo\/ -->\n<title>Privacy - Ceramiche Piemme<\/title>\n<meta name=\"robots\" content=\"index, follow, max-snippet:-1, max-image-preview:large, max-video-preview:-1\" \/>\n<link rel=\"canonical\" href=\"https:\/\/www.ceramiche-piemme.com\/de\/privacy\/\" \/>\n<meta property=\"og:locale\" content=\"de_DE\" \/>\n<meta property=\"og:type\" content=\"article\" \/>\n<meta property=\"og:title\" content=\"Privacy - Ceramiche Piemme\" \/>\n<meta property=\"og:description\" content=\"PRIVACY POLICY FOR THE WEBSITE Re: Privacy Policy for the website This page describes how the personal data of visitors to this website are processed. This [\u2026]\" \/>\n<meta property=\"og:url\" content=\"https:\/\/www.ceramiche-piemme.com\/de\/privacy\/\" \/>\n<meta property=\"og:site_name\" content=\"Ceramiche Piemme\" \/>\n<meta property=\"article:publisher\" content=\"https:\/\/www.facebook.com\/CeramichePiemme\/\" \/>\n<meta property=\"article:modified_time\" content=\"2023-10-24T09:17:32+00:00\" \/>\n<meta name=\"twitter:card\" content=\"summary_large_image\" \/>\n<meta name=\"twitter:site\" content=\"@CeramichePiemme\" \/>\n<meta name=\"twitter:label1\" content=\"Gesch\u00e4tzte Lesezeit\" \/>\n\t<meta name=\"twitter:data1\" content=\"9\u00a0Minuten\" \/>\n<script type=\"application\/ld+json\" class=\"yoast-schema-graph\">{\"@context\":\"https:\/\/schema.org\",\"@graph\":[{\"@type\":\"WebPage\",\"@id\":\"https:\/\/www.ceramiche-piemme.com\/de\/privacy\/\",\"url\":\"https:\/\/www.ceramiche-piemme.com\/de\/privacy\/\",\"name\":\"Privacy - Ceramiche Piemme\",\"isPartOf\":{\"@id\":\"https:\/\/www.ceramiche-piemme.com\/de\/#website\"},\"datePublished\":\"2023-09-04T07:21:38+00:00\",\"dateModified\":\"2023-10-24T09:17:32+00:00\",\"breadcrumb\":{\"@id\":\"https:\/\/www.ceramiche-piemme.com\/de\/privacy\/#breadcrumb\"},\"inLanguage\":\"de\",\"potentialAction\":[{\"@type\":\"ReadAction\",\"target\":[\"https:\/\/www.ceramiche-piemme.com\/de\/privacy\/\"]}]},{\"@type\":\"BreadcrumbList\",\"@id\":\"https:\/\/www.ceramiche-piemme.com\/de\/privacy\/#breadcrumb\",\"itemListElement\":[{\"@type\":\"ListItem\",\"position\":1,\"name\":\"Ceramiche Piemme\",\"item\":\"https:\/\/www.ceramiche-piemme.com\/de\/\"},{\"@type\":\"ListItem\",\"position\":2,\"name\":\"Privacy\"}]},{\"@type\":\"WebSite\",\"@id\":\"https:\/\/www.ceramiche-piemme.com\/de\/#website\",\"url\":\"https:\/\/www.ceramiche-piemme.com\/de\/\",\"name\":\"Ceramiche Piemme\",\"description\":\"Ceramiche Piemme: Gres Porcellanato Made in Italy dal 1962\",\"publisher\":{\"@id\":\"https:\/\/www.ceramiche-piemme.com\/de\/#organization\"},\"potentialAction\":[{\"@type\":\"SearchAction\",\"target\":{\"@type\":\"EntryPoint\",\"urlTemplate\":\"https:\/\/www.ceramiche-piemme.com\/de\/?s={search_term_string}\"},\"query-input\":{\"@type\":\"PropertyValueSpecification\",\"valueRequired\":true,\"valueName\":\"search_term_string\"}}],\"inLanguage\":\"de\"},{\"@type\":\"Organization\",\"@id\":\"https:\/\/www.ceramiche-piemme.com\/de\/#organization\",\"name\":\"Ceramiche Piemme\",\"url\":\"https:\/\/www.ceramiche-piemme.com\/de\/\",\"logo\":{\"@type\":\"ImageObject\",\"inLanguage\":\"de\",\"@id\":\"https:\/\/www.ceramiche-piemme.com\/de\/#\/schema\/logo\/image\/\",\"url\":\"http:\/\/www.ceramiche-piemme.com\/wp-content\/uploads\/2023\/06\/logo.jpg\",\"contentUrl\":\"http:\/\/www.ceramiche-piemme.com\/wp-content\/uploads\/2023\/06\/logo.jpg\",\"width\":522,\"height\":87,\"caption\":\"Ceramiche Piemme\"},\"image\":{\"@id\":\"https:\/\/www.ceramiche-piemme.com\/de\/#\/schema\/logo\/image\/\"},\"sameAs\":[\"https:\/\/www.facebook.com\/CeramichePiemme\/\",\"https:\/\/x.com\/CeramichePiemme\",\"https:\/\/it.pinterest.com\/ceramichepiemme\/\",\"https:\/\/www.youtube.com\/user\/CERAMICHEPIEMME\",\"https:\/\/www.instagram.com\/ceramichepiemme\/\",\"https:\/\/www.linkedin.com\/company\/9676212\/\",\"https:\/\/vimeo.com\/ceramichepiemme\"]}]}<\/script>\n<!-- \/ Yoast SEO plugin. -->","yoast_head_json":{"title":"Privacy - Ceramiche Piemme","robots":{"index":"index","follow":"follow","max-snippet":"max-snippet:-1","max-image-preview":"max-image-preview:large","max-video-preview":"max-video-preview:-1"},"canonical":"https:\/\/www.ceramiche-piemme.com\/de\/privacy\/","og_locale":"de_DE","og_type":"article","og_title":"Privacy - Ceramiche Piemme","og_description":"PRIVACY POLICY FOR THE WEBSITE Re: Privacy Policy for the website This page describes how the personal data of visitors to this website are processed. This [\u2026]","og_url":"https:\/\/www.ceramiche-piemme.com\/de\/privacy\/","og_site_name":"Ceramiche Piemme","article_publisher":"https:\/\/www.facebook.com\/CeramichePiemme\/","article_modified_time":"2023-10-24T09:17:32+00:00","twitter_card":"summary_large_image","twitter_site":"@CeramichePiemme","twitter_misc":{"Gesch\u00e4tzte Lesezeit":"9\u00a0Minuten"},"schema":{"@context":"https:\/\/schema.org","@graph":[{"@type":"WebPage","@id":"https:\/\/www.ceramiche-piemme.com\/de\/privacy\/","url":"https:\/\/www.ceramiche-piemme.com\/de\/privacy\/","name":"Privacy - Ceramiche Piemme","isPartOf":{"@id":"https:\/\/www.ceramiche-piemme.com\/de\/#website"},"datePublished":"2023-09-04T07:21:38+00:00","dateModified":"2023-10-24T09:17:32+00:00","breadcrumb":{"@id":"https:\/\/www.ceramiche-piemme.com\/de\/privacy\/#breadcrumb"},"inLanguage":"de","potentialAction":[{"@type":"ReadAction","target":["https:\/\/www.ceramiche-piemme.com\/de\/privacy\/"]}]},{"@type":"BreadcrumbList","@id":"https:\/\/www.ceramiche-piemme.com\/de\/privacy\/#breadcrumb","itemListElement":[{"@type":"ListItem","position":1,"name":"Ceramiche Piemme","item":"https:\/\/www.ceramiche-piemme.com\/de\/"},{"@type":"ListItem","position":2,"name":"Privacy"}]},{"@type":"WebSite","@id":"https:\/\/www.ceramiche-piemme.com\/de\/#website","url":"https:\/\/www.ceramiche-piemme.com\/de\/","name":"Ceramiche Piemme","description":"Ceramiche Piemme: Gres Porcellanato Made in Italy dal 1962","publisher":{"@id":"https:\/\/www.ceramiche-piemme.com\/de\/#organization"},"potentialAction":[{"@type":"SearchAction","target":{"@type":"EntryPoint","urlTemplate":"https:\/\/www.ceramiche-piemme.com\/de\/?s={search_term_string}"},"query-input":{"@type":"PropertyValueSpecification","valueRequired":true,"valueName":"search_term_string"}}],"inLanguage":"de"},{"@type":"Organization","@id":"https:\/\/www.ceramiche-piemme.com\/de\/#organization","name":"Ceramiche Piemme","url":"https:\/\/www.ceramiche-piemme.com\/de\/","logo":{"@type":"ImageObject","inLanguage":"de","@id":"https:\/\/www.ceramiche-piemme.com\/de\/#\/schema\/logo\/image\/","url":"http:\/\/www.ceramiche-piemme.com\/wp-content\/uploads\/2023\/06\/logo.jpg","contentUrl":"http:\/\/www.ceramiche-piemme.com\/wp-content\/uploads\/2023\/06\/logo.jpg","width":522,"height":87,"caption":"Ceramiche Piemme"},"image":{"@id":"https:\/\/www.ceramiche-piemme.com\/de\/#\/schema\/logo\/image\/"},"sameAs":["https:\/\/www.facebook.com\/CeramichePiemme\/","https:\/\/x.com\/CeramichePiemme","https:\/\/it.pinterest.com\/ceramichepiemme\/","https:\/\/www.youtube.com\/user\/CERAMICHEPIEMME","https:\/\/www.instagram.com\/ceramichepiemme\/","https:\/\/www.linkedin.com\/company\/9676212\/","https:\/\/vimeo.com\/ceramichepiemme"]}]}},"_links":{"self":[{"href":"https:\/\/www.ceramiche-piemme.com\/de\/wp-json\/wp\/v2\/pages\/6815","targetHints":{"allow":["GET"]}}],"collection":[{"href":"https:\/\/www.ceramiche-piemme.com\/de\/wp-json\/wp\/v2\/pages"}],"about":[{"href":"https:\/\/www.ceramiche-piemme.com\/de\/wp-json\/wp\/v2\/types\/page"}],"author":[{"embeddable":true,"href":"https:\/\/www.ceramiche-piemme.com\/de\/wp-json\/wp\/v2\/users\/1"}],"replies":[{"embeddable":true,"href":"https:\/\/www.ceramiche-piemme.com\/de\/wp-json\/wp\/v2\/comments?post=6815"}],"version-history":[{"count":4,"href":"https:\/\/www.ceramiche-piemme.com\/de\/wp-json\/wp\/v2\/pages\/6815\/revisions"}],"predecessor-version":[{"id":6819,"href":"https:\/\/www.ceramiche-piemme.com\/de\/wp-json\/wp\/v2\/pages\/6815\/revisions\/6819"}],"wp:attachment":[{"href":"https:\/\/www.ceramiche-piemme.com\/de\/wp-json\/wp\/v2\/media?parent=6815"}],"curies":[{"name":"wp","href":"https:\/\/api.w.org\/{rel}","templated":true}]}}