{"id":5660,"date":"2023-09-04T07:26:56","date_gmt":"2023-09-04T07:26:56","guid":{"rendered":"https:\/\/www.ceramiche-piemme.com\/?page_id=5660"},"modified":"2023-10-16T09:26:52","modified_gmt":"2023-10-16T09:26:52","slug":"cookie-policy","status":"publish","type":"page","link":"https:\/\/www.ceramiche-piemme.com\/fr\/cookie-policy\/","title":{"rendered":"Cookie policy"},"content":{"rendered":"\t\t<div data-elementor-type=\"wp-page\" data-elementor-id=\"5660\" class=\"elementor elementor-5660 elementor-2408\" data-elementor-post-type=\"page\">\n\t\t\t\t\t\t<section class=\"elementor-section elementor-top-section elementor-element elementor-element-38409fd elementor-section-boxed elementor-section-height-default elementor-section-height-default\" data-id=\"38409fd\" data-element_type=\"section\">\n\t\t\t\t\t\t<div class=\"elementor-container elementor-column-gap-default\">\n\t\t\t\t\t<div class=\"elementor-column elementor-col-100 elementor-top-column elementor-element elementor-element-ef06fc7\" data-id=\"ef06fc7\" data-element_type=\"column\">\n\t\t\t<div class=\"elementor-widget-wrap elementor-element-populated\">\n\t\t\t\t\t\t<div class=\"elementor-element elementor-element-8c482a0 elementor-widget elementor-widget-text-editor\" data-id=\"8c482a0\" data-element_type=\"widget\" data-widget_type=\"text-editor.default\">\n\t\t\t\t<div class=\"elementor-widget-container\">\n\t\t\t\t\t\t\t\t\t<p><strong>COOKIE POLICY<\/strong><\/p><h3><u>CE SITE WEB UTILISE DES COOKIES.<\/u><\/h3><p>Nous vous informons que ce site web utilise des &#8220;cookies techniques&#8221; n\u00e9cessaires \u00e0 l&#8217;optimisation de la navigation, mais \u00e9galement des &#8220;cookies d&#8217;analyse&#8221; pour r\u00e9aliser des statistiques ainsi que des &#8220;cookies de profilage&#8221; d&#8217;examiner vos habitudes de navigation afin de vous proposer des publicit\u00e9s cibl\u00e9es et des &#8220;cookies tiers&#8221;. Pour plus d\u2019informations sur l\u2019utilisation des cookies, veuillez consulter les informations compl\u00e8tes\u00a0<a href=\"http:\/\/web.archive.org\/web\/20230619161329mp_\/https:\/www.ceramichepiemme.fr\/politique-en-matiare-de-cookies\"><strong>ici<\/strong><\/a>.<\/p><p>Vous pourrez accepter tous les cookies ou g\u00e9rer vos pr\u00e9f\u00e9rences en cliquant ci-dessous.<\/p><p>\u00a0<\/p><p><strong>N\u00e9cessaires<\/strong><strong> \u2013 <\/strong><strong>Pr\u00e9f\u00e9rences \u2013 Statistiques \u2013 Marketing &#8211; Afficher les d\u00e9tails<\/strong><\/p><p>Les cookies n\u00e9cessaires contribuent \u00e0 rendre un site web utilisable en activant des fonctions de base comme la navigation de page et l&#8217;acc\u00e8s aux zones s\u00e9curis\u00e9es du site web. Le site web ne peut pas fonctionner correctement sans ces cookies.<\/p><p><strong>\u00a0<\/strong><\/p><ul><li>Les cookies de pr\u00e9f\u00e9rences permettent \u00e0 un site web de retenir des informations qui modifient la mani\u00e8re dont le site se comporte ou s\u2019affiche, comme votre langue pr\u00e9f\u00e9r\u00e9e ou la r\u00e9gion dans laquelle vous vous situez.<\/li><\/ul><p>\u00a0<\/p><ul><li>Les cookies statistiques aident les propri\u00e9taires du site web, par la collecte et la communication d&#8217;informations de mani\u00e8re anonyme, \u00e0 comprendre comment les visiteurs interagissent avec les sites web.<\/li><\/ul><p><strong>\u00a0<\/strong><\/p><ul><li>Les cookies marketing sont utilis\u00e9s pour effectuer le suivi des visiteurs au travers des sites web. Le but est d&#8217;afficher des publicit\u00e9s qui sont pertinentes et int\u00e9ressantes pour l&#8217;utilisateur individuel et donc plus pr\u00e9cieuses pour les \u00e9diteurs et annonceurs tiers.<\/li><\/ul><p><strong>\u00a0<\/strong><\/p><ul><li>Les cookies non class\u00e9s sont les cookies qui sont en cours de classification, ainsi que les fournisseurs de cookies individuels.<\/li><\/ul><p><br \/>D\u00e9claration relative aux cookies mise \u00e0 jour le 8\/26\/23 par\u00a0<a href=\"http:\/\/web.archive.org\/web\/20230619161329mp_\/https:\/www.cookiebot.com\"><strong>Cookiebot<\/strong><\/a><\/p><p>\u00a0<\/p><ul><li><a href=\"http:\/\/web.archive.org\/web\/20230619121214\/https:\/www.ceramichepiemme.fr\/privacy\"><strong>\u00c0 propos des cookies<\/strong><\/a><\/li><\/ul><p>\u00a0<\/p><p>Les cookies sont des petits fichiers textes qui peuvent \u00eatre utilis\u00e9s par les sites web pour rendre l&#8217;exp\u00e9rience utilisateur plus efficace.<br \/><br \/>La loi stipule que nous ne pouvons stocker des cookies sur votre appareil que s\u2019ils sont strictement n\u00e9cessaires au fonctionnement de ce site. Pour tous les autres types de cookies, nous avons besoin de votre permission.<br \/><br \/>Ce site utilise diff\u00e9rents types de cookies. Certains cookies sont plac\u00e9s par les services tiers qui apparaissent sur nos pages.<br \/><br \/>\u00c0 tout moment, vous pouvez modifier ou retirer votre consentement d\u00e8s la D\u00e9claration relative aux cookies sur notre site web.<br \/><br \/>En savoir plus sur qui nous sommes, comment vous pouvez nous contacter et comment nous traitons les donn\u00e9es personnelles veuillez voir notre Politique confidentialit\u00e9.<br \/><br \/>Veuillez indiquer l&#8217;identifiant de votre consentement et la date \u00e0 laquelle vous nous avez contact\u00e9s concernant votre consentement.<\/p><p><strong>\u00a0<\/strong><\/p><p><strong>Tout autoriser<\/strong><\/p><p><strong>Autoriser la s\u00e9lection<\/strong><\/p><p><strong>Refuser<\/strong><\/p><p><strong>\u00a0<\/strong><\/p>\t\t\t\t\t\t\t\t<\/div>\n\t\t\t\t<\/div>\n\t\t\t\t\t<\/div>\n\t\t<\/div>\n\t\t\t\t\t<\/div>\n\t\t<\/section>\n\t\t\t\t<\/div>\n\t\t","protected":false},"excerpt":{"rendered":"<p>COOKIE POLICY CE SITE WEB UTILISE DES COOKIES. Nous vous informons que ce site web utilise des &#8220;cookies techniques&#8221; n\u00e9cessaires \u00e0 l&#8217;optimisation de la navigation, mais<span class=\"excerpt-hellip\"> [\u2026]<\/span><\/p>\n","protected":false},"author":1,"featured_media":0,"parent":0,"menu_order":0,"comment_status":"closed","ping_status":"closed","template":"","meta":{"_monsterinsights_skip_tracking":false,"_monsterinsights_sitenote_active":false,"_monsterinsights_sitenote_note":"","_monsterinsights_sitenote_category":0,"_uf_show_specific_survey":0,"_uf_disable_surveys":false,"footnotes":""},"class_list":["post-5660","page","type-page","status-publish","hentry"],"aioseo_notices":[],"yoast_head":"<!-- This site is optimized with the Yoast SEO plugin v25.3 - https:\/\/yoast.com\/wordpress\/plugins\/seo\/ -->\n<title>Cookie policy - Ceramiche Piemme<\/title>\n<meta name=\"robots\" content=\"index, follow, max-snippet:-1, max-image-preview:large, max-video-preview:-1\" \/>\n<link rel=\"canonical\" href=\"https:\/\/www.ceramiche-piemme.com\/fr\/cookie-policy\/\" \/>\n<meta property=\"og:locale\" content=\"fr_FR\" \/>\n<meta property=\"og:type\" content=\"article\" \/>\n<meta property=\"og:title\" content=\"Cookie policy - Ceramiche Piemme\" \/>\n<meta property=\"og:description\" content=\"COOKIE POLICY CE SITE WEB UTILISE DES COOKIES. Nous vous informons que ce site web utilise des &#8220;cookies techniques&#8221; n\u00e9cessaires \u00e0 l&#8217;optimisation de la navigation, mais [\u2026]\" \/>\n<meta property=\"og:url\" content=\"https:\/\/www.ceramiche-piemme.com\/fr\/cookie-policy\/\" \/>\n<meta property=\"og:site_name\" content=\"Ceramiche Piemme\" \/>\n<meta property=\"article:publisher\" content=\"https:\/\/www.facebook.com\/CeramichePiemme\/\" \/>\n<meta property=\"article:modified_time\" content=\"2023-10-16T09:26:52+00:00\" \/>\n<meta name=\"twitter:card\" content=\"summary_large_image\" \/>\n<meta name=\"twitter:site\" content=\"@CeramichePiemme\" \/>\n<meta name=\"twitter:label1\" content=\"Dur\u00e9e de lecture estim\u00e9e\" \/>\n\t<meta name=\"twitter:data1\" content=\"3 minutes\" \/>\n<script type=\"application\/ld+json\" class=\"yoast-schema-graph\">{\"@context\":\"https:\/\/schema.org\",\"@graph\":[{\"@type\":\"WebPage\",\"@id\":\"https:\/\/www.ceramiche-piemme.com\/fr\/cookie-policy\/\",\"url\":\"https:\/\/www.ceramiche-piemme.com\/fr\/cookie-policy\/\",\"name\":\"Cookie policy - Ceramiche Piemme\",\"isPartOf\":{\"@id\":\"https:\/\/www.ceramiche-piemme.com\/fr\/#website\"},\"datePublished\":\"2023-09-04T07:26:56+00:00\",\"dateModified\":\"2023-10-16T09:26:52+00:00\",\"breadcrumb\":{\"@id\":\"https:\/\/www.ceramiche-piemme.com\/fr\/cookie-policy\/#breadcrumb\"},\"inLanguage\":\"fr-FR\",\"potentialAction\":[{\"@type\":\"ReadAction\",\"target\":[\"https:\/\/www.ceramiche-piemme.com\/fr\/cookie-policy\/\"]}]},{\"@type\":\"BreadcrumbList\",\"@id\":\"https:\/\/www.ceramiche-piemme.com\/fr\/cookie-policy\/#breadcrumb\",\"itemListElement\":[{\"@type\":\"ListItem\",\"position\":1,\"name\":\"Ceramiche Piemme\",\"item\":\"https:\/\/www.ceramiche-piemme.com\/fr\/\"},{\"@type\":\"ListItem\",\"position\":2,\"name\":\"Cookie policy\"}]},{\"@type\":\"WebSite\",\"@id\":\"https:\/\/www.ceramiche-piemme.com\/fr\/#website\",\"url\":\"https:\/\/www.ceramiche-piemme.com\/fr\/\",\"name\":\"Ceramiche Piemme\",\"description\":\"Ceramiche Piemme: Gres Porcellanato Made in Italy dal 1962\",\"publisher\":{\"@id\":\"https:\/\/www.ceramiche-piemme.com\/fr\/#organization\"},\"potentialAction\":[{\"@type\":\"SearchAction\",\"target\":{\"@type\":\"EntryPoint\",\"urlTemplate\":\"https:\/\/www.ceramiche-piemme.com\/fr\/?s={search_term_string}\"},\"query-input\":{\"@type\":\"PropertyValueSpecification\",\"valueRequired\":true,\"valueName\":\"search_term_string\"}}],\"inLanguage\":\"fr-FR\"},{\"@type\":\"Organization\",\"@id\":\"https:\/\/www.ceramiche-piemme.com\/fr\/#organization\",\"name\":\"Ceramiche Piemme\",\"url\":\"https:\/\/www.ceramiche-piemme.com\/fr\/\",\"logo\":{\"@type\":\"ImageObject\",\"inLanguage\":\"fr-FR\",\"@id\":\"https:\/\/www.ceramiche-piemme.com\/fr\/#\/schema\/logo\/image\/\",\"url\":\"http:\/\/www.ceramiche-piemme.com\/wp-content\/uploads\/2023\/06\/logo.jpg\",\"contentUrl\":\"http:\/\/www.ceramiche-piemme.com\/wp-content\/uploads\/2023\/06\/logo.jpg\",\"width\":522,\"height\":87,\"caption\":\"Ceramiche Piemme\"},\"image\":{\"@id\":\"https:\/\/www.ceramiche-piemme.com\/fr\/#\/schema\/logo\/image\/\"},\"sameAs\":[\"https:\/\/www.facebook.com\/CeramichePiemme\/\",\"https:\/\/x.com\/CeramichePiemme\",\"https:\/\/it.pinterest.com\/ceramichepiemme\/\",\"https:\/\/www.youtube.com\/user\/CERAMICHEPIEMME\",\"https:\/\/www.instagram.com\/ceramichepiemme\/\",\"https:\/\/www.linkedin.com\/company\/9676212\/\",\"https:\/\/vimeo.com\/ceramichepiemme\"]}]}<\/script>\n<!-- \/ Yoast SEO plugin. -->","yoast_head_json":{"title":"Cookie policy - Ceramiche Piemme","robots":{"index":"index","follow":"follow","max-snippet":"max-snippet:-1","max-image-preview":"max-image-preview:large","max-video-preview":"max-video-preview:-1"},"canonical":"https:\/\/www.ceramiche-piemme.com\/fr\/cookie-policy\/","og_locale":"fr_FR","og_type":"article","og_title":"Cookie policy - Ceramiche Piemme","og_description":"COOKIE POLICY CE SITE WEB UTILISE DES COOKIES. Nous vous informons que ce site web utilise des &#8220;cookies techniques&#8221; n\u00e9cessaires \u00e0 l&#8217;optimisation de la navigation, mais [\u2026]","og_url":"https:\/\/www.ceramiche-piemme.com\/fr\/cookie-policy\/","og_site_name":"Ceramiche Piemme","article_publisher":"https:\/\/www.facebook.com\/CeramichePiemme\/","article_modified_time":"2023-10-16T09:26:52+00:00","twitter_card":"summary_large_image","twitter_site":"@CeramichePiemme","twitter_misc":{"Dur\u00e9e de lecture estim\u00e9e":"3 minutes"},"schema":{"@context":"https:\/\/schema.org","@graph":[{"@type":"WebPage","@id":"https:\/\/www.ceramiche-piemme.com\/fr\/cookie-policy\/","url":"https:\/\/www.ceramiche-piemme.com\/fr\/cookie-policy\/","name":"Cookie policy - Ceramiche Piemme","isPartOf":{"@id":"https:\/\/www.ceramiche-piemme.com\/fr\/#website"},"datePublished":"2023-09-04T07:26:56+00:00","dateModified":"2023-10-16T09:26:52+00:00","breadcrumb":{"@id":"https:\/\/www.ceramiche-piemme.com\/fr\/cookie-policy\/#breadcrumb"},"inLanguage":"fr-FR","potentialAction":[{"@type":"ReadAction","target":["https:\/\/www.ceramiche-piemme.com\/fr\/cookie-policy\/"]}]},{"@type":"BreadcrumbList","@id":"https:\/\/www.ceramiche-piemme.com\/fr\/cookie-policy\/#breadcrumb","itemListElement":[{"@type":"ListItem","position":1,"name":"Ceramiche Piemme","item":"https:\/\/www.ceramiche-piemme.com\/fr\/"},{"@type":"ListItem","position":2,"name":"Cookie policy"}]},{"@type":"WebSite","@id":"https:\/\/www.ceramiche-piemme.com\/fr\/#website","url":"https:\/\/www.ceramiche-piemme.com\/fr\/","name":"Ceramiche Piemme","description":"Ceramiche Piemme: Gres Porcellanato Made in Italy dal 1962","publisher":{"@id":"https:\/\/www.ceramiche-piemme.com\/fr\/#organization"},"potentialAction":[{"@type":"SearchAction","target":{"@type":"EntryPoint","urlTemplate":"https:\/\/www.ceramiche-piemme.com\/fr\/?s={search_term_string}"},"query-input":{"@type":"PropertyValueSpecification","valueRequired":true,"valueName":"search_term_string"}}],"inLanguage":"fr-FR"},{"@type":"Organization","@id":"https:\/\/www.ceramiche-piemme.com\/fr\/#organization","name":"Ceramiche Piemme","url":"https:\/\/www.ceramiche-piemme.com\/fr\/","logo":{"@type":"ImageObject","inLanguage":"fr-FR","@id":"https:\/\/www.ceramiche-piemme.com\/fr\/#\/schema\/logo\/image\/","url":"http:\/\/www.ceramiche-piemme.com\/wp-content\/uploads\/2023\/06\/logo.jpg","contentUrl":"http:\/\/www.ceramiche-piemme.com\/wp-content\/uploads\/2023\/06\/logo.jpg","width":522,"height":87,"caption":"Ceramiche Piemme"},"image":{"@id":"https:\/\/www.ceramiche-piemme.com\/fr\/#\/schema\/logo\/image\/"},"sameAs":["https:\/\/www.facebook.com\/CeramichePiemme\/","https:\/\/x.com\/CeramichePiemme","https:\/\/it.pinterest.com\/ceramichepiemme\/","https:\/\/www.youtube.com\/user\/CERAMICHEPIEMME","https:\/\/www.instagram.com\/ceramichepiemme\/","https:\/\/www.linkedin.com\/company\/9676212\/","https:\/\/vimeo.com\/ceramichepiemme"]}]}},"_links":{"self":[{"href":"https:\/\/www.ceramiche-piemme.com\/fr\/wp-json\/wp\/v2\/pages\/5660","targetHints":{"allow":["GET"]}}],"collection":[{"href":"https:\/\/www.ceramiche-piemme.com\/fr\/wp-json\/wp\/v2\/pages"}],"about":[{"href":"https:\/\/www.ceramiche-piemme.com\/fr\/wp-json\/wp\/v2\/types\/page"}],"author":[{"embeddable":true,"href":"https:\/\/www.ceramiche-piemme.com\/fr\/wp-json\/wp\/v2\/users\/1"}],"replies":[{"embeddable":true,"href":"https:\/\/www.ceramiche-piemme.com\/fr\/wp-json\/wp\/v2\/comments?post=5660"}],"version-history":[{"count":9,"href":"https:\/\/www.ceramiche-piemme.com\/fr\/wp-json\/wp\/v2\/pages\/5660\/revisions"}],"predecessor-version":[{"id":5707,"href":"https:\/\/www.ceramiche-piemme.com\/fr\/wp-json\/wp\/v2\/pages\/5660\/revisions\/5707"}],"wp:attachment":[{"href":"https:\/\/www.ceramiche-piemme.com\/fr\/wp-json\/wp\/v2\/media?parent=5660"}],"curies":[{"name":"wp","href":"https:\/\/api.w.org\/{rel}","templated":true}]}}