{"id":6832,"date":"2023-09-04T06:55:29","date_gmt":"2023-09-04T06:55:29","guid":{"rendered":"https:\/\/www.ceramiche-piemme.com\/informativa\/"},"modified":"2023-10-24T09:36:39","modified_gmt":"2023-10-24T09:36:39","slug":"informativa","status":"publish","type":"page","link":"https:\/\/www.ceramiche-piemme.com\/fr\/informativa\/","title":{"rendered":"Informativa"},"content":{"rendered":"\t\t<div data-elementor-type=\"wp-page\" data-elementor-id=\"6832\" class=\"elementor elementor-6832 elementor-2396\" data-elementor-post-type=\"page\">\n\t\t\t\t\t\t<section class=\"elementor-section elementor-top-section elementor-element elementor-element-38409fd elementor-section-boxed elementor-section-height-default elementor-section-height-default\" data-id=\"38409fd\" data-element_type=\"section\">\n\t\t\t\t\t\t<div class=\"elementor-container elementor-column-gap-default\">\n\t\t\t\t\t<div class=\"elementor-column elementor-col-100 elementor-top-column elementor-element elementor-element-ef06fc7\" data-id=\"ef06fc7\" data-element_type=\"column\">\n\t\t\t<div class=\"elementor-widget-wrap elementor-element-populated\">\n\t\t\t\t\t\t<div class=\"elementor-element elementor-element-8c482a0 elementor-widget elementor-widget-text-editor\" data-id=\"8c482a0\" data-element_type=\"widget\" data-widget_type=\"text-editor.default\">\n\t\t\t\t<div class=\"elementor-widget-container\">\n\t\t\t\t\t\t\t\t\t<p><strong>Informativa rilasciata da Industrie Ceramiche Piemme S.p.A.ai sensi dell&#8217;art. 13 del Regolamento Europeo 2016\/679<\/strong><\/p>\n<p><strong>Premesso che<\/strong><br \/>1) a seguito di Sue visite al presente sito, di compilazione di forms, del ricevimento di sue richieste\/quesiti, di contatti preliminari, di indagini e ricerche di mercato, di eventuale costituzione di rapporti commerciali, la nostra societ\u00e0 si trover\u00e0 a raccogliere e trattare i suoi dati personali;<br \/>2) le specifichiamo sin d&#8217;ora per chiarezza, le seguenti definizioni date dal Regolamento Europeo 2016\/679:<\/p>\n<p><strong>Dato personale<\/strong>: qualsiasi informazione riguardante una persona fisica identificata o identificabile (\u00abinteressato\u00bb); si considera identificabile la persona fisica che pu\u00f2 essere identificata, direttamente o indirettamente, con particolare riferimento a un identificativo come il nome, un numero di identificazione, dati relativi all&#8217;ubicazione, un identificativo online o a uno o pi\u00f9 elementi caratteristici della sua identit\u00e0 fisica, fisiologica, genetica, psichica, economica, culturale o sociale;<\/p>\n<p><strong>Trattamento<\/strong>: qualsiasi operazione o insieme di operazioni, compiute con o senza l&#8217;ausilio di processi automatizzati e applicate a dati personali o insiemi di dati personali, come la raccolta, la registrazione, l&#8217;organizzazione, la strutturazione, la conservazione, l&#8217;adattamento o la modifica, l&#8217;estrazione, la consultazione, l&#8217;uso, la comunicazione mediante trasmissione, diffusione o qualsiasi altra forma di messa a disposizione, il raffronto o l&#8217;interconnessione, la limitazione, la cancellazione o la distruzione.<\/p>\n<p>Tutto ci\u00f2 premesso, ai sensi dell&#8217;articolo 13 del Regolamento Europeo 2016\/679,<\/p>\n<div class=\"center\"><strong>la informiamo<\/strong><\/div>\n<p>che la raccolta ed il trattamento dei dati personali saranno effettuati dalla societ\u00e0 scrivente in conformit\u00e0 a quanto segue:<br \/>a) <strong>finalit\u00e0 generali<\/strong>: i dati saranno trattati per soddisfare sue richieste\/quesiti, per il corretto svolgimento degli adempimenti burocratici, contabili, fiscali, commerciali, tecnici e per le attivit\u00e0 aziendali obbligatorie per legge e comunque strettamente inerenti ai rapporti in essere;<\/p>\n<p>b) <strong>finalit\u00e0 di &#8220;marketing diretto&#8221;<\/strong>: i suoi dati potranno essere utilizzati, solo ed esclusivamente previo suo libero, facoltativo, apposito ed esplicito consenso revocabile in qualsiasi momento, anche per l&#8217;invio di materiale\/comunicazioni pubblicitarie tramite posta, e-mail, telefono, fax, sms, mms e strumenti similari; dopo aver espresso il consenso, \u00e8 comunque suo diritto opporsi, in qualunque momento e senza spese, al trattamento dei suoi dati per la presente finalit\u00e0;<br \/>c) <strong>finalit\u00e0 di &#8220;profilazione&#8221;<\/strong>: i dati (non sensibili\/particolari) derivanti dalla compilazione di nostri\/e form\/schede, potranno essere utilizzati, solo ed esclusivamente previo suo libero, facoltativo, apposito ed esplicito consenso revocabile in qualsiasi momento, anche per individuare e definire i gusti, le preferenze, le abitudini, i bisogni e le scelte di consumo della sua persona (cos\u00ec detta &#8220;profilazione&#8221;). Dopo aver espresso il consenso, \u00e8 comunque suo diritto opporsi, in qualunque momento e senza spese, al trattamento dei suoi dati per la presente finalit\u00e0;<br \/>d) <strong>modalit\u00e0<\/strong>: i dati saranno trattati sia con strumenti\/supporti cartacei che elettronici\/informatici\/telematici, nel pieno rispetto delle norme di legge, secondo principi di liceit\u00e0 e correttezza ed in modo da tutelare la sua riservatezza;<br \/>e) <strong>conferimento facoltativo<\/strong>: il conferimento dei suoi dati \u00e8 facoltativo e non obbligatorio;<br \/>f) <strong>conseguenze di un eventuale rifiuto<\/strong>: il rifiuto a fornire i dati o l&#8217;opposizione integrale al loro trattamento per le finalit\u00e0 di cui al punto a), potr\u00e0 comportare comunque l&#8217;impossibilit\u00e0 di soddisfare talune sue richieste; il diniego all&#8217;utilizzo dei dati per le finalit\u00e0 di cui ai punti b) e c), non avr\u00e0 invece alcuna conseguenza sui rapporti commerciali intercorrenti o sul riconoscimento di vantaggi legati a promozioni;<br \/>g) <strong>soggetti o categorie di soggetti (destinatari) ai quali i dati potranno essere comunicati o diffusi<\/strong>: i dati potranno essere comunicati a soggetti terzi solo per assolvere ad obblighi di legge o di natura contrattuale. I dati non saranno in nessun caso diffusi;<br \/>h) <strong>persone autorizzate al trattamento<\/strong>: i dati saranno trattati solo ed esclusivamente da un ristretto numero di addetti aziendali dei settori amministrativo, marketing, Ced e commerciale, appositamente autorizzati;<br \/>i) <strong>processi decisionali automatizzati<\/strong>: non sono in alcun modo gestiti processi decisionali automatizzati; in merito alla &#8220;profilazione&#8221;, si rimanda al precedente punto c);<br \/>j) <strong>diritti dell&#8217;interessato<\/strong>: lei gode di tutti i diritti sanciti dal Regolamento Europeo 2016\/679, quali il diritto di chiedere l&#8217;accesso ai dati personali e la loro rettifica, la cancellazione degli stessi, la limitazione del trattamento, il diritto di opporsi al loro trattamento, oltre al diritto alla portabilit\u00e0 dei dati. Ha inoltre il diritto di proporre reclamo all&#8217;Autorit\u00e0 di controllo;<br \/>k) <strong>trasferimenti presso paesi terzi<\/strong>: eventuali trasferimenti di dati personali a un paese terzo al di fuori dell&#8217;Unione Europea o ad un&#8217;organizzazione internazionale avverranno sulla base di una decisione di adeguatezza della Commissione o, nel caso dei trasferimenti di cui agli articoli 46, 47 o 49, secondo comma, del Regolamento Europeo, sulla base di garanzie appropriate ed opportune;<br \/>l) <strong>periodo di conservazione dei dati<\/strong>: i dati verranno conservati per il periodo strettamente necessario per far fronte alle richieste dell&#8217;interessato od in base a quanto previsto dalle normative vigenti o da eventuali clausole contrattuali;<br \/>m) <strong>titolare<\/strong>: titolare del trattamento \u00e8 la scrivente societ\u00e0 Industrie Ceramiche Piemme S.p.A., con sede in Fiorano (MO), Via Del Crociale n. 42\/44, nella persona del legale rappresentante pro tempore;<br \/>n) <strong>responsabile della protezione dei dati\/data protection officer<\/strong>: il responsabile della protezione dei dati \u00e8 la dott.ssa Annachiara Grasselli, con studio sito in Reggio Emilia, Via Piccard n. 16\/G, tel. 0522\/30.11.69, fax 0522\/38.79.96: qualunque sua richiesta di chiarimenti od informazioni potr\u00e0 essere indirizzata a tale responsabile.<\/p>\n<p>La presente informativa potr\u00e0 essere integrata, oralmente o per iscritto, con ulteriori elementi ed indicazioni, per soddisfare al meglio qualunque sua esigenza conoscitiva in materia &#8220;Privacy&#8221; e per assecondare l&#8217;evoluzione normativa.<br \/>Data: 11\/07\/2018<\/p>\n<p>Il titolare del trattamento<br \/>Industrie Ceramiche Piemme S.p.A.<\/p>\n\t\t\t\t\t\t\t\t<\/div>\n\t\t\t\t<\/div>\n\t\t\t\t\t<\/div>\n\t\t<\/div>\n\t\t\t\t\t<\/div>\n\t\t<\/section>\n\t\t\t\t<\/div>\n\t\t","protected":false},"excerpt":{"rendered":"<p>Informativa rilasciata da Industrie Ceramiche Piemme S.p.A.ai sensi dell&#8217;art. 13 del Regolamento Europeo 2016\/679 Premesso che1) a seguito di Sue visite al presente sito, di compilazione<span class=\"excerpt-hellip\"> [\u2026]<\/span><\/p>\n","protected":false},"author":1,"featured_media":0,"parent":0,"menu_order":0,"comment_status":"closed","ping_status":"closed","template":"","meta":{"_monsterinsights_skip_tracking":false,"_monsterinsights_sitenote_active":false,"_monsterinsights_sitenote_note":"","_monsterinsights_sitenote_category":0,"_uf_show_specific_survey":0,"_uf_disable_surveys":false,"footnotes":""},"class_list":["post-6832","page","type-page","status-publish","hentry"],"aioseo_notices":[],"yoast_head":"<!-- This site is optimized with the Yoast SEO plugin v25.3 - https:\/\/yoast.com\/wordpress\/plugins\/seo\/ -->\n<title>Informativa - Ceramiche Piemme<\/title>\n<meta name=\"robots\" content=\"index, follow, max-snippet:-1, max-image-preview:large, max-video-preview:-1\" \/>\n<link rel=\"canonical\" href=\"https:\/\/www.ceramiche-piemme.com\/fr\/informativa\/\" \/>\n<meta property=\"og:locale\" content=\"fr_FR\" \/>\n<meta property=\"og:type\" content=\"article\" \/>\n<meta property=\"og:title\" content=\"Informativa - Ceramiche Piemme\" \/>\n<meta property=\"og:description\" content=\"Informativa rilasciata da Industrie Ceramiche Piemme S.p.A.ai sensi dell&#8217;art. 13 del Regolamento Europeo 2016\/679 Premesso che1) a seguito di Sue visite al presente sito, di compilazione [\u2026]\" \/>\n<meta property=\"og:url\" content=\"https:\/\/www.ceramiche-piemme.com\/fr\/informativa\/\" \/>\n<meta property=\"og:site_name\" content=\"Ceramiche Piemme\" \/>\n<meta property=\"article:publisher\" content=\"https:\/\/www.facebook.com\/CeramichePiemme\/\" \/>\n<meta property=\"article:modified_time\" content=\"2023-10-24T09:36:39+00:00\" \/>\n<meta name=\"twitter:card\" content=\"summary_large_image\" \/>\n<meta name=\"twitter:site\" content=\"@CeramichePiemme\" \/>\n<meta name=\"twitter:label1\" content=\"Dur\u00e9e de lecture estim\u00e9e\" \/>\n\t<meta name=\"twitter:data1\" content=\"4 minutes\" \/>\n<script type=\"application\/ld+json\" class=\"yoast-schema-graph\">{\"@context\":\"https:\/\/schema.org\",\"@graph\":[{\"@type\":\"WebPage\",\"@id\":\"https:\/\/www.ceramiche-piemme.com\/fr\/informativa\/\",\"url\":\"https:\/\/www.ceramiche-piemme.com\/fr\/informativa\/\",\"name\":\"Informativa - Ceramiche Piemme\",\"isPartOf\":{\"@id\":\"https:\/\/www.ceramiche-piemme.com\/fr\/#website\"},\"datePublished\":\"2023-09-04T06:55:29+00:00\",\"dateModified\":\"2023-10-24T09:36:39+00:00\",\"breadcrumb\":{\"@id\":\"https:\/\/www.ceramiche-piemme.com\/fr\/informativa\/#breadcrumb\"},\"inLanguage\":\"fr-FR\",\"potentialAction\":[{\"@type\":\"ReadAction\",\"target\":[\"https:\/\/www.ceramiche-piemme.com\/fr\/informativa\/\"]}]},{\"@type\":\"BreadcrumbList\",\"@id\":\"https:\/\/www.ceramiche-piemme.com\/fr\/informativa\/#breadcrumb\",\"itemListElement\":[{\"@type\":\"ListItem\",\"position\":1,\"name\":\"Ceramiche Piemme\",\"item\":\"https:\/\/www.ceramiche-piemme.com\/fr\/\"},{\"@type\":\"ListItem\",\"position\":2,\"name\":\"Informativa\"}]},{\"@type\":\"WebSite\",\"@id\":\"https:\/\/www.ceramiche-piemme.com\/fr\/#website\",\"url\":\"https:\/\/www.ceramiche-piemme.com\/fr\/\",\"name\":\"Ceramiche Piemme\",\"description\":\"Ceramiche Piemme: Gres Porcellanato Made in Italy dal 1962\",\"publisher\":{\"@id\":\"https:\/\/www.ceramiche-piemme.com\/fr\/#organization\"},\"potentialAction\":[{\"@type\":\"SearchAction\",\"target\":{\"@type\":\"EntryPoint\",\"urlTemplate\":\"https:\/\/www.ceramiche-piemme.com\/fr\/?s={search_term_string}\"},\"query-input\":{\"@type\":\"PropertyValueSpecification\",\"valueRequired\":true,\"valueName\":\"search_term_string\"}}],\"inLanguage\":\"fr-FR\"},{\"@type\":\"Organization\",\"@id\":\"https:\/\/www.ceramiche-piemme.com\/fr\/#organization\",\"name\":\"Ceramiche Piemme\",\"url\":\"https:\/\/www.ceramiche-piemme.com\/fr\/\",\"logo\":{\"@type\":\"ImageObject\",\"inLanguage\":\"fr-FR\",\"@id\":\"https:\/\/www.ceramiche-piemme.com\/fr\/#\/schema\/logo\/image\/\",\"url\":\"http:\/\/www.ceramiche-piemme.com\/wp-content\/uploads\/2023\/06\/logo.jpg\",\"contentUrl\":\"http:\/\/www.ceramiche-piemme.com\/wp-content\/uploads\/2023\/06\/logo.jpg\",\"width\":522,\"height\":87,\"caption\":\"Ceramiche Piemme\"},\"image\":{\"@id\":\"https:\/\/www.ceramiche-piemme.com\/fr\/#\/schema\/logo\/image\/\"},\"sameAs\":[\"https:\/\/www.facebook.com\/CeramichePiemme\/\",\"https:\/\/x.com\/CeramichePiemme\",\"https:\/\/it.pinterest.com\/ceramichepiemme\/\",\"https:\/\/www.youtube.com\/user\/CERAMICHEPIEMME\",\"https:\/\/www.instagram.com\/ceramichepiemme\/\",\"https:\/\/www.linkedin.com\/company\/9676212\/\",\"https:\/\/vimeo.com\/ceramichepiemme\"]}]}<\/script>\n<!-- \/ Yoast SEO plugin. -->","yoast_head_json":{"title":"Informativa - Ceramiche Piemme","robots":{"index":"index","follow":"follow","max-snippet":"max-snippet:-1","max-image-preview":"max-image-preview:large","max-video-preview":"max-video-preview:-1"},"canonical":"https:\/\/www.ceramiche-piemme.com\/fr\/informativa\/","og_locale":"fr_FR","og_type":"article","og_title":"Informativa - Ceramiche Piemme","og_description":"Informativa rilasciata da Industrie Ceramiche Piemme S.p.A.ai sensi dell&#8217;art. 13 del Regolamento Europeo 2016\/679 Premesso che1) a seguito di Sue visite al presente sito, di compilazione [\u2026]","og_url":"https:\/\/www.ceramiche-piemme.com\/fr\/informativa\/","og_site_name":"Ceramiche Piemme","article_publisher":"https:\/\/www.facebook.com\/CeramichePiemme\/","article_modified_time":"2023-10-24T09:36:39+00:00","twitter_card":"summary_large_image","twitter_site":"@CeramichePiemme","twitter_misc":{"Dur\u00e9e de lecture estim\u00e9e":"4 minutes"},"schema":{"@context":"https:\/\/schema.org","@graph":[{"@type":"WebPage","@id":"https:\/\/www.ceramiche-piemme.com\/fr\/informativa\/","url":"https:\/\/www.ceramiche-piemme.com\/fr\/informativa\/","name":"Informativa - Ceramiche Piemme","isPartOf":{"@id":"https:\/\/www.ceramiche-piemme.com\/fr\/#website"},"datePublished":"2023-09-04T06:55:29+00:00","dateModified":"2023-10-24T09:36:39+00:00","breadcrumb":{"@id":"https:\/\/www.ceramiche-piemme.com\/fr\/informativa\/#breadcrumb"},"inLanguage":"fr-FR","potentialAction":[{"@type":"ReadAction","target":["https:\/\/www.ceramiche-piemme.com\/fr\/informativa\/"]}]},{"@type":"BreadcrumbList","@id":"https:\/\/www.ceramiche-piemme.com\/fr\/informativa\/#breadcrumb","itemListElement":[{"@type":"ListItem","position":1,"name":"Ceramiche Piemme","item":"https:\/\/www.ceramiche-piemme.com\/fr\/"},{"@type":"ListItem","position":2,"name":"Informativa"}]},{"@type":"WebSite","@id":"https:\/\/www.ceramiche-piemme.com\/fr\/#website","url":"https:\/\/www.ceramiche-piemme.com\/fr\/","name":"Ceramiche Piemme","description":"Ceramiche Piemme: Gres Porcellanato Made in Italy dal 1962","publisher":{"@id":"https:\/\/www.ceramiche-piemme.com\/fr\/#organization"},"potentialAction":[{"@type":"SearchAction","target":{"@type":"EntryPoint","urlTemplate":"https:\/\/www.ceramiche-piemme.com\/fr\/?s={search_term_string}"},"query-input":{"@type":"PropertyValueSpecification","valueRequired":true,"valueName":"search_term_string"}}],"inLanguage":"fr-FR"},{"@type":"Organization","@id":"https:\/\/www.ceramiche-piemme.com\/fr\/#organization","name":"Ceramiche Piemme","url":"https:\/\/www.ceramiche-piemme.com\/fr\/","logo":{"@type":"ImageObject","inLanguage":"fr-FR","@id":"https:\/\/www.ceramiche-piemme.com\/fr\/#\/schema\/logo\/image\/","url":"http:\/\/www.ceramiche-piemme.com\/wp-content\/uploads\/2023\/06\/logo.jpg","contentUrl":"http:\/\/www.ceramiche-piemme.com\/wp-content\/uploads\/2023\/06\/logo.jpg","width":522,"height":87,"caption":"Ceramiche Piemme"},"image":{"@id":"https:\/\/www.ceramiche-piemme.com\/fr\/#\/schema\/logo\/image\/"},"sameAs":["https:\/\/www.facebook.com\/CeramichePiemme\/","https:\/\/x.com\/CeramichePiemme","https:\/\/it.pinterest.com\/ceramichepiemme\/","https:\/\/www.youtube.com\/user\/CERAMICHEPIEMME","https:\/\/www.instagram.com\/ceramichepiemme\/","https:\/\/www.linkedin.com\/company\/9676212\/","https:\/\/vimeo.com\/ceramichepiemme"]}]}},"_links":{"self":[{"href":"https:\/\/www.ceramiche-piemme.com\/fr\/wp-json\/wp\/v2\/pages\/6832","targetHints":{"allow":["GET"]}}],"collection":[{"href":"https:\/\/www.ceramiche-piemme.com\/fr\/wp-json\/wp\/v2\/pages"}],"about":[{"href":"https:\/\/www.ceramiche-piemme.com\/fr\/wp-json\/wp\/v2\/types\/page"}],"author":[{"embeddable":true,"href":"https:\/\/www.ceramiche-piemme.com\/fr\/wp-json\/wp\/v2\/users\/1"}],"replies":[{"embeddable":true,"href":"https:\/\/www.ceramiche-piemme.com\/fr\/wp-json\/wp\/v2\/comments?post=6832"}],"version-history":[{"count":1,"href":"https:\/\/www.ceramiche-piemme.com\/fr\/wp-json\/wp\/v2\/pages\/6832\/revisions"}],"predecessor-version":[{"id":6833,"href":"https:\/\/www.ceramiche-piemme.com\/fr\/wp-json\/wp\/v2\/pages\/6832\/revisions\/6833"}],"wp:attachment":[{"href":"https:\/\/www.ceramiche-piemme.com\/fr\/wp-json\/wp\/v2\/media?parent=6832"}],"curies":[{"name":"wp","href":"https:\/\/api.w.org\/{rel}","templated":true}]}}