{"id":2403,"date":"2023-09-04T07:21:38","date_gmt":"2023-09-04T07:21:38","guid":{"rendered":"http:\/\/www.ceramiche-piemme.com\/?page_id=2403"},"modified":"2023-10-24T08:55:40","modified_gmt":"2023-10-24T08:55:40","slug":"privacy-2","status":"publish","type":"page","link":"https:\/\/www.ceramiche-piemme.com\/it\/privacy-2\/","title":{"rendered":"Privacy"},"content":{"rendered":"\t\t<div data-elementor-type=\"wp-page\" data-elementor-id=\"2403\" class=\"elementor elementor-2403\" data-elementor-post-type=\"page\">\n\t\t\t\t\t\t<section class=\"elementor-section elementor-top-section elementor-element elementor-element-38409fd elementor-section-boxed elementor-section-height-default elementor-section-height-default\" data-id=\"38409fd\" data-element_type=\"section\">\n\t\t\t\t\t\t<div class=\"elementor-container elementor-column-gap-default\">\n\t\t\t\t\t<div class=\"elementor-column elementor-col-100 elementor-top-column elementor-element elementor-element-ef06fc7\" data-id=\"ef06fc7\" data-element_type=\"column\">\n\t\t\t<div class=\"elementor-widget-wrap elementor-element-populated\">\n\t\t\t\t\t\t<div class=\"elementor-element elementor-element-8c482a0 elementor-widget elementor-widget-text-editor\" data-id=\"8c482a0\" data-element_type=\"widget\" data-widget_type=\"text-editor.default\">\n\t\t\t\t<div class=\"elementor-widget-container\">\n\t\t\t\t\t\t\t\t\t<h3 class=\"margin-b-40\">INFORMATIVA AI VISITATORI DEL SITO WEB<\/h3><div class=\"line-dark-l\">\u00a0<\/div><p>\u00a0<\/p><p><strong>Oggetto: Informativa per il sito web<\/strong><br \/>In questa pagina si descrivono le modalit\u00e0 di gestione del sito in riferimento al trattamento dei dati personali degli utenti che lo consultano.<br \/>Si tratta dell\u2019informativa resa ai sensi dell&#8217;art. 13 del Regolamento Europeo 2016\/679 a coloro che interagiscono con i servizi web dell\u2019azienda.<br \/>L\u2019informativa \u00e8 resa solo per il presente sito e non anche per altri siti web eventualmente consultati dall\u2019utente tramite link.<br \/>L\u2019informativa individua alcuni requisiti minimi per la raccolta di dati personali on-line, e, in particolare, le modalit\u00e0, i tempi e la natura delle informazioni che i titolari del trattamento devono fornire agli utenti quando questi si collegano a pagine web, indipendentemente dagli scopi del collegamento.<\/p><p><strong>IL \u201cTITOLARE\u201d DEL TRATTAMENTO<\/strong><br \/>A seguito della consultazione di questo sito possono essere trattati dati relativi a persone identificate o identificabili.<\/p><p>Il \u201ctitolare\u201d del loro trattamento \u00e8 Industrie Ceramiche Piemme S.p.A., nella persona del legale rappresentante pro tempore.<\/p><p><strong>LUOGO DI TRATTAMENTO DEI DATI<\/strong><br \/>I trattamenti connessi ai servizi web di questo sito hanno luogo presso la sede sociale e sono curati solo da personale tecnico dell\u2019Ufficio incaricato del trattamento, oppure da eventuali incaricati di occasionali operazioni di manutenzione.<br \/>Nessun dato derivante dal servizio web viene comunicato o diffuso.<br \/>I dati personali forniti dagli utenti che inoltrano richieste di invio di materiale informativo (bollettini, Cd-rom, cataloghi, listini, risposte a quesiti, atti vari, ecc.) sono utilizzati al solo fine di eseguire il servizio o la prestazione richiesta.<\/p><p><strong>TIPI DI DATI TRATTATI<\/strong><br \/><em>Dati di navigazione<\/em><br \/>I sistemi informatici e le procedure software preposte al funzionamento di questo sito web acquisiscono, nel corso del loro normale esercizio, alcuni dati personali la cui trasmissione \u00e8 implicita nell\u2019uso dei protocolli di comunicazione di Internet.<br \/>Si tratta di informazioni che non sono raccolte per essere associate a interessati identificati, ma che per loro stessa natura potrebbero, attraverso elaborazioni ed associazioni con dati detenuti da terzi, permettere di identificare gli utenti.<br \/>In questa categoria di dati rientrano gli indirizzi IP o i nomi a dominio dei computer utilizzati dagli utenti che si connettono al sito, gli indirizzi in notazione URI (Uniform Resource Identifier) delle risorse richieste, l\u2019orario della richiesta, il metodo utilizzato nel sottoporre la richiesta al server, la dimensione del file ottenuto in risposta, il codice numerico indicante lo stato della risposta data dal server (buon fine, errore, ecc.) ed altri parametri relativi al sistema operativo e all\u2019ambiente informatico dell\u2019utente.<\/p><p>Questi dati vengono utilizzati al solo fine di ricavare informazioni statistiche anonime sull\u2019uso del sito e per controllarne il corretto funzionamento e vengono cancellati immediatamente dopo l\u2019elaborazione. I dati potrebbero essere utilizzati per l\u2019accertamento di responsabilit\u00e0 in caso di ipotetici reati informatici ai danni del sito: salva questa eventualit\u00e0, allo stato i dati sui contatti web non persistono per pi\u00f9 di sette giorni.<\/p><p><br \/><em>Dati forniti volontariamente dall\u2019utente<\/em><br \/>L\u2019invio facoltativo, esplicito e volontario di posta elettronica agli indirizzi indicati su questo sito comporta la successiva acquisizione dell\u2019indirizzo del mittente, necessario per rispondere alle richieste, nonch\u00e9 degli eventuali altri dati personali inseriti nella missiva.<br \/>Specifiche informative di sintesi verranno progressivamente riportate o visualizzate nelle pagine del sito predisposte per particolari servizi a richiesta.<\/p><p><br \/><strong>UTILIZZO DEI COOKIES<\/strong><\/p><p>In merito alle modalit\u00e0 di utilizzo dei cookies, si rinvia all\u2019ulteriore ed apposita \u201cinformativa estesa\u201d pubblicata sul presente sito ed elaborata in base a quanto previsto dal Provvedimento dell\u20198 maggio 2014 emanato dal Garante italiano per la protezione dei dati personali, la quale integra e completa il presente documento.<\/p><p><br \/><strong>FACOLTATIVITA\u2019 DEL CONFERIMENTO DEI DATI<\/strong><br \/>A parte quanto specificato per i dati di navigazione, l\u2019utente \u00e8 libero o meno di fornire i dati personali.<br \/>Il loro mancato conferimento pu\u00f2 comportare l\u2019impossibilit\u00e0 di ottenere quanto richiesto.<\/p><p>\u00a0<br \/><strong>MODALITA\u2019 DEL TRATTAMENTO<\/strong><br \/>I dati personali sono trattati con strumenti automatizzati per il tempo strettamente necessario a conseguire gli scopi per cui sono stati raccolti.<br \/>Specifiche misure di sicurezza sono osservate per prevenire la perdita dei dati, usi illeciti o non corretti ed accessi non autorizzati.<\/p><p><br \/><strong>TRASFERIMENTI PRESSO PAESI TERZI<\/strong><br \/>Eventuali trasferimenti di dati personali a un paese terzo al di fuori dell\u2019Unione Europea o ad un&#8217;organizzazione internazionale avverranno sulla base di una decisione di adeguatezza della Commissione o, nel caso dei trasferimenti di cui agli articoli 46, 47 o 49, secondo comma, del Regolamento Europeo, sulla base di garanzie appropriate ed opportune.<\/p><p><strong>DIRITTI DEGLI INTERESSATI<\/strong><br \/>I soggetti cui si riferiscono i dati personali hanno in qualunque momento il diritto di chiedere l\u2019accesso ai dati e la loro rettifica, la cancellazione degli stessi, la limitazione del trattamento, il diritto di opporsi al loro trattamento, oltre al diritto alla portabilit\u00e0 dei dati; hanno inoltre il diritto di proporre reclamo all\u2019Autorit\u00e0 di controllo.<br \/>Le richieste vanno rivolte al Titolare del trattamento od al Responsabile della protezione dei dati, individuato nella persona della dott.ssa Annachiara Grasselli, con studio sito in Reggio Emilia, Via Piccard n. 16\/G, tel. 0522\/30.11.69, fax 0522\/38.79.96.<\/p><p><br \/>La presente costituisce la \u201cPrivacy Policy\u201d di questo sito che sar\u00e0 soggetta ad aggiornamenti.<\/p><p>\u00a0<\/p><h3>\u00a0<\/h3><h3 class=\"margin-b-40\">INFORMATIVA AI CLIENTI E FORNITORI<\/h3><div class=\"line-dark-l\">\u00a0<\/div><p>\u00a0<\/p><p><strong>Oggetto: Informativa a clienti e fornitori rilasciata da Industrie Ceramiche Piemme S.p.A.<br \/>ai sensi dell\u2019art. 13 del Regolamento Europeo 2016\/679<\/strong><\/p><p>La presente informativa \u00e8 elaborata e rilasciata ai sensi dell\u2019art. 13 del Regolamento Europeo 2016\/679 (anche detto in seguito semplicemente Regolamento Europeo), il quale ha introdotto significative novit\u00e0 normative. La presente informativa quindi, aggiorna e sostituisce eventuali precedenti versioni rilasciate prima d\u2019ora.<br \/>Ci\u00f2 premesso, si evidenzia che:<br \/>1) per effetto della costituzione del rapporto commerciale e nel corso dello svolgimento dello stesso, la nostra societ\u00e0 si trover\u00e0 a raccogliere e trattare suoi dati personali;<br \/>2) le specifichiamo sin d\u2019ora per chiarezza, le seguenti definizioni date dal suddetto Regolamento Europeo:\u00a0<strong>Dato personale<\/strong>: qualsiasi informazione riguardante una persona fisica identificata o identificabile (\u00abinteressato\u00bb); si considera identificabile la persona fisica che pu\u00f2 essere identificata, direttamente o indirettamente, con particolare riferimento a un identificativo come il nome, un numero di identificazione, dati relativi all\u2019ubicazione, un identificativo online o a uno o pi\u00f9 elementi caratteristici della sua identit\u00e0 fisica, fisiologica, genetica, psichica, economica, culturale o sociale;<br \/><strong>Trattamento<\/strong>: qualsiasi operazione o insieme di operazioni, compiute con o senza l\u2019ausilio di processi automatizzati e applicate a dati personali o insiemi di dati personali, come la raccolta, la registrazione, l\u2019organizzazione, la strutturazione, la conservazione, l\u2019adattamento o la modifica, l\u2019estrazione, la consultazione, l\u2019uso, la comunicazione mediante trasmissione, diffusione o qualsiasi altra forma di messa a disposizione, il raffronto o l\u2019interconnessione, la limitazione, la cancellazione o la distruzione.<br \/>Ai sensi dell&#8217;articolo 13 del Regolamento Europeo 2016\/679 quindi,<\/p><p class=\"center\"><strong>la informiamo<\/strong><\/p><p>che la raccolta ed il trattamento dei suoi dati personali saranno effettuati dalla societ\u00e0 scrivente in conformit\u00e0 a quanto segue:<\/p><p>a)\u00a0<strong>finalit\u00e0<\/strong>: i dati saranno trattati per il corretto svolgimento degli adempimenti contabili, fiscali, commerciali, tecnici e per tutte le attivit\u00e0 aziendali in genere inerenti al rapporto in essere;<\/p><p>b)\u00a0<strong>finalit\u00e0 pubblicitaria<\/strong>: i dati potranno essere eventualmente utilizzati, previo suo apposito ed esplicito consenso, anche per l\u2019invio di materiale\/comunicazioni pubblicitarie tramite posta, e-mail, telefono, fax, sms e similari; dopo aver espresso il consenso, \u00e8 comunque suo diritto opporsi, in qualunque momento e senza spese, al trattamento dei suoi dati per la presente finalit\u00e0;<\/p><p>c)\u00a0<strong>modalit\u00e0<\/strong>: i dati saranno trattati sia con strumenti\/supporti cartacei che elettronici\/informatici\/telematici, nel pieno rispetto delle norme di legge, secondo principi di liceit\u00e0 e correttezza ed in modo da tutelare la sua riservatezza;<\/p><p>d)\u00a0<strong>conferimento facoltativo<\/strong>: il conferimento dei dati \u00e8 facoltativo e non obbligatorio;<\/p><p>e)\u00a0<strong>conseguenze di un eventuale rifiuto<\/strong>: il rifiuto a fornire i dati o l\u2019opposizione integrale al loro trattamento, potr\u00e0 comportare comunque l\u2019impossibilit\u00e0 a proseguire ogni rapporto commerciale o di qualsivoglia altra natura con la nostra azienda; il diniego all\u2019utilizzo dei dati per l\u2019invio di materiale\/comunicazioni pubblicitarie, non avr\u00e0 invece alcuna conseguenza sui rapporti intercorrenti presenti o futuri;<\/p><p>f)\u00a0<strong>soggetti o categorie di soggetti (destinatari) ai quali i dati potranno essere comunicati o diffusi<\/strong>: i dati potranno essere comunicati a terzi solo per assolvere ad obblighi di legge o di natura contrattuale. I dati non saranno in nessun caso diffusi;<\/p><p>g)\u00a0<strong>persone autorizzate al trattamento<\/strong>: i dati saranno trattati esclusivamente dagli addetti aziendali del settore amministrativo e commerciale, appositamente autorizzati;<\/p><p>h)\u00a0<strong>processi decisionali automatizzati (es. profilazione)<\/strong>: non sono in alcun modo gestiti processi decisionali automatizzati;<\/p><p>i)\u00a0<strong>diritti dell\u2019interessato<\/strong>: lei gode di tutti i diritti sanciti dal Regolamento Europeo, quali il diritto di chiedere l&#8217;accesso ai dati personali e la loro rettifica, la cancellazione degli stessi, la limitazione del trattamento, il diritto di opporsi al loro trattamento, oltre al diritto alla portabilit\u00e0 dei dati. Ha inoltre il diritto di proporre reclamo all\u2019Autorit\u00e0 di controllo;<\/p><p>j)\u00a0<strong>trasferimenti presso paesi terzi<\/strong>: eventuali trasferimenti di dati personali a un paese terzo al di fuori dell\u2019Unione Europea o ad un&#8217;organizzazione internazionale avverranno sulla base di una decisione di adeguatezza della Commissione o, nel caso dei trasferimenti di cui agli articoli 46, 47 o 49, secondo comma, del Regolamento Europeo, sulla base di garanzie appropriate ed opportune;<\/p><p>k)\u00a0<strong>periodo di conservazione dei dati<\/strong>: i dati verranno conservati per il periodo strettamente necessario per far fronte alle richieste dell\u2019interessato od in base a quanto previsto dalle normative vigenti o da eventuali clausole contrattuali;<\/p><p>l)\u00a0<strong>titolare<\/strong>: titolare del trattamento \u00e8 Industrie Ceramiche Piemme S.p.A., con sede in Fiorano Modenese (MO), Via Del Crociale n. 42\/44, nella persona del legale rappresentante pro tempore;<\/p><p>m)\u00a0<strong>responsabile della protezione dei dati\/data protection officer:<\/strong>\u00a0il responsabile della protezione dei dati \u00e8 la dott.ssa Annachiara Grasselli, con studio sito in Reggio Emilia, Via Piccard n. 16\/G, tel. 0522\/30.11.69, fax 0522\/38.79.96: qualunque sua richiesta di chiarimenti od informazioni potr\u00e0 essere indirizzata a tale responsabile.<\/p><p>La presente informativa potr\u00e0 essere integrata, oralmente o per iscritto, con ulteriori elementi ed indicazioni, per soddisfare al meglio qualunque sua esigenza conoscitiva in materia \u201cPrivacy\u201d e per assecondare l\u2019evoluzione normativa.<\/p><p>Fiorano Modenese (MO), 24\/04\/2018<\/p><p>Il titolare del trattamento<br \/>Industrie Ceramiche Piemme S.p.A.<\/p>\t\t\t\t\t\t\t\t<\/div>\n\t\t\t\t<\/div>\n\t\t\t\t\t<\/div>\n\t\t<\/div>\n\t\t\t\t\t<\/div>\n\t\t<\/section>\n\t\t\t\t<\/div>\n\t\t","protected":false},"excerpt":{"rendered":"<p>INFORMATIVA AI VISITATORI DEL SITO WEB Oggetto: Informativa per il sito web In questa pagina si descrivono le modalit\u00e0 di gestione del sito in riferimento al<span class=\"excerpt-hellip\"> [\u2026]<\/span><\/p>\n","protected":false},"author":1,"featured_media":0,"parent":0,"menu_order":0,"comment_status":"closed","ping_status":"closed","template":"","meta":{"_monsterinsights_skip_tracking":false,"_monsterinsights_sitenote_active":false,"_monsterinsights_sitenote_note":"","_monsterinsights_sitenote_category":0,"_uf_show_specific_survey":0,"_uf_disable_surveys":false,"footnotes":""},"class_list":["post-2403","page","type-page","status-publish","hentry"],"aioseo_notices":[],"yoast_head":"<!-- This site is optimized with the Yoast SEO plugin v25.3 - https:\/\/yoast.com\/wordpress\/plugins\/seo\/ -->\n<title>Privacy - Ceramiche Piemme<\/title>\n<meta name=\"robots\" content=\"index, follow, max-snippet:-1, max-image-preview:large, max-video-preview:-1\" \/>\n<link rel=\"canonical\" href=\"https:\/\/www.ceramiche-piemme.com\/it\/privacy-2\/\" \/>\n<meta property=\"og:locale\" content=\"it_IT\" \/>\n<meta property=\"og:type\" content=\"article\" \/>\n<meta property=\"og:title\" content=\"Privacy - Ceramiche Piemme\" \/>\n<meta property=\"og:description\" content=\"INFORMATIVA AI VISITATORI DEL SITO WEB Oggetto: Informativa per il sito web In questa pagina si descrivono le modalit\u00e0 di gestione del sito in riferimento al [\u2026]\" \/>\n<meta property=\"og:url\" content=\"https:\/\/www.ceramiche-piemme.com\/it\/privacy-2\/\" \/>\n<meta property=\"og:site_name\" content=\"Ceramiche Piemme\" \/>\n<meta property=\"article:publisher\" content=\"https:\/\/www.facebook.com\/CeramichePiemme\/\" \/>\n<meta property=\"article:modified_time\" content=\"2023-10-24T08:55:40+00:00\" \/>\n<meta name=\"twitter:card\" content=\"summary_large_image\" \/>\n<meta name=\"twitter:site\" content=\"@CeramichePiemme\" \/>\n<meta name=\"twitter:label1\" content=\"Tempo di lettura stimato\" \/>\n\t<meta name=\"twitter:data1\" content=\"8 minuti\" \/>\n<script type=\"application\/ld+json\" class=\"yoast-schema-graph\">{\"@context\":\"https:\/\/schema.org\",\"@graph\":[{\"@type\":\"WebPage\",\"@id\":\"https:\/\/www.ceramiche-piemme.com\/it\/privacy-2\/\",\"url\":\"https:\/\/www.ceramiche-piemme.com\/it\/privacy-2\/\",\"name\":\"Privacy - Ceramiche Piemme\",\"isPartOf\":{\"@id\":\"https:\/\/www.ceramiche-piemme.com\/it\/#website\"},\"datePublished\":\"2023-09-04T07:21:38+00:00\",\"dateModified\":\"2023-10-24T08:55:40+00:00\",\"breadcrumb\":{\"@id\":\"https:\/\/www.ceramiche-piemme.com\/it\/privacy-2\/#breadcrumb\"},\"inLanguage\":\"it-IT\",\"potentialAction\":[{\"@type\":\"ReadAction\",\"target\":[\"https:\/\/www.ceramiche-piemme.com\/it\/privacy-2\/\"]}]},{\"@type\":\"BreadcrumbList\",\"@id\":\"https:\/\/www.ceramiche-piemme.com\/it\/privacy-2\/#breadcrumb\",\"itemListElement\":[{\"@type\":\"ListItem\",\"position\":1,\"name\":\"Ceramiche Piemme\",\"item\":\"https:\/\/www.ceramiche-piemme.com\/it\/\"},{\"@type\":\"ListItem\",\"position\":2,\"name\":\"Privacy\"}]},{\"@type\":\"WebSite\",\"@id\":\"https:\/\/www.ceramiche-piemme.com\/it\/#website\",\"url\":\"https:\/\/www.ceramiche-piemme.com\/it\/\",\"name\":\"Ceramiche Piemme\",\"description\":\"Ceramiche Piemme: Gres Porcellanato Made in Italy dal 1962\",\"publisher\":{\"@id\":\"https:\/\/www.ceramiche-piemme.com\/it\/#organization\"},\"potentialAction\":[{\"@type\":\"SearchAction\",\"target\":{\"@type\":\"EntryPoint\",\"urlTemplate\":\"https:\/\/www.ceramiche-piemme.com\/it\/?s={search_term_string}\"},\"query-input\":{\"@type\":\"PropertyValueSpecification\",\"valueRequired\":true,\"valueName\":\"search_term_string\"}}],\"inLanguage\":\"it-IT\"},{\"@type\":\"Organization\",\"@id\":\"https:\/\/www.ceramiche-piemme.com\/it\/#organization\",\"name\":\"Ceramiche Piemme\",\"url\":\"https:\/\/www.ceramiche-piemme.com\/it\/\",\"logo\":{\"@type\":\"ImageObject\",\"inLanguage\":\"it-IT\",\"@id\":\"https:\/\/www.ceramiche-piemme.com\/it\/#\/schema\/logo\/image\/\",\"url\":\"http:\/\/www.ceramiche-piemme.com\/wp-content\/uploads\/2023\/06\/logo.jpg\",\"contentUrl\":\"http:\/\/www.ceramiche-piemme.com\/wp-content\/uploads\/2023\/06\/logo.jpg\",\"width\":522,\"height\":87,\"caption\":\"Ceramiche Piemme\"},\"image\":{\"@id\":\"https:\/\/www.ceramiche-piemme.com\/it\/#\/schema\/logo\/image\/\"},\"sameAs\":[\"https:\/\/www.facebook.com\/CeramichePiemme\/\",\"https:\/\/x.com\/CeramichePiemme\",\"https:\/\/it.pinterest.com\/ceramichepiemme\/\",\"https:\/\/www.youtube.com\/user\/CERAMICHEPIEMME\",\"https:\/\/www.instagram.com\/ceramichepiemme\/\",\"https:\/\/www.linkedin.com\/company\/9676212\/\",\"https:\/\/vimeo.com\/ceramichepiemme\"]}]}<\/script>\n<!-- \/ Yoast SEO plugin. -->","yoast_head_json":{"title":"Privacy - Ceramiche Piemme","robots":{"index":"index","follow":"follow","max-snippet":"max-snippet:-1","max-image-preview":"max-image-preview:large","max-video-preview":"max-video-preview:-1"},"canonical":"https:\/\/www.ceramiche-piemme.com\/it\/privacy-2\/","og_locale":"it_IT","og_type":"article","og_title":"Privacy - Ceramiche Piemme","og_description":"INFORMATIVA AI VISITATORI DEL SITO WEB Oggetto: Informativa per il sito web In questa pagina si descrivono le modalit\u00e0 di gestione del sito in riferimento al [\u2026]","og_url":"https:\/\/www.ceramiche-piemme.com\/it\/privacy-2\/","og_site_name":"Ceramiche Piemme","article_publisher":"https:\/\/www.facebook.com\/CeramichePiemme\/","article_modified_time":"2023-10-24T08:55:40+00:00","twitter_card":"summary_large_image","twitter_site":"@CeramichePiemme","twitter_misc":{"Tempo di lettura stimato":"8 minuti"},"schema":{"@context":"https:\/\/schema.org","@graph":[{"@type":"WebPage","@id":"https:\/\/www.ceramiche-piemme.com\/it\/privacy-2\/","url":"https:\/\/www.ceramiche-piemme.com\/it\/privacy-2\/","name":"Privacy - Ceramiche Piemme","isPartOf":{"@id":"https:\/\/www.ceramiche-piemme.com\/it\/#website"},"datePublished":"2023-09-04T07:21:38+00:00","dateModified":"2023-10-24T08:55:40+00:00","breadcrumb":{"@id":"https:\/\/www.ceramiche-piemme.com\/it\/privacy-2\/#breadcrumb"},"inLanguage":"it-IT","potentialAction":[{"@type":"ReadAction","target":["https:\/\/www.ceramiche-piemme.com\/it\/privacy-2\/"]}]},{"@type":"BreadcrumbList","@id":"https:\/\/www.ceramiche-piemme.com\/it\/privacy-2\/#breadcrumb","itemListElement":[{"@type":"ListItem","position":1,"name":"Ceramiche Piemme","item":"https:\/\/www.ceramiche-piemme.com\/it\/"},{"@type":"ListItem","position":2,"name":"Privacy"}]},{"@type":"WebSite","@id":"https:\/\/www.ceramiche-piemme.com\/it\/#website","url":"https:\/\/www.ceramiche-piemme.com\/it\/","name":"Ceramiche Piemme","description":"Ceramiche Piemme: Gres Porcellanato Made in Italy dal 1962","publisher":{"@id":"https:\/\/www.ceramiche-piemme.com\/it\/#organization"},"potentialAction":[{"@type":"SearchAction","target":{"@type":"EntryPoint","urlTemplate":"https:\/\/www.ceramiche-piemme.com\/it\/?s={search_term_string}"},"query-input":{"@type":"PropertyValueSpecification","valueRequired":true,"valueName":"search_term_string"}}],"inLanguage":"it-IT"},{"@type":"Organization","@id":"https:\/\/www.ceramiche-piemme.com\/it\/#organization","name":"Ceramiche Piemme","url":"https:\/\/www.ceramiche-piemme.com\/it\/","logo":{"@type":"ImageObject","inLanguage":"it-IT","@id":"https:\/\/www.ceramiche-piemme.com\/it\/#\/schema\/logo\/image\/","url":"http:\/\/www.ceramiche-piemme.com\/wp-content\/uploads\/2023\/06\/logo.jpg","contentUrl":"http:\/\/www.ceramiche-piemme.com\/wp-content\/uploads\/2023\/06\/logo.jpg","width":522,"height":87,"caption":"Ceramiche Piemme"},"image":{"@id":"https:\/\/www.ceramiche-piemme.com\/it\/#\/schema\/logo\/image\/"},"sameAs":["https:\/\/www.facebook.com\/CeramichePiemme\/","https:\/\/x.com\/CeramichePiemme","https:\/\/it.pinterest.com\/ceramichepiemme\/","https:\/\/www.youtube.com\/user\/CERAMICHEPIEMME","https:\/\/www.instagram.com\/ceramichepiemme\/","https:\/\/www.linkedin.com\/company\/9676212\/","https:\/\/vimeo.com\/ceramichepiemme"]}]}},"_links":{"self":[{"href":"https:\/\/www.ceramiche-piemme.com\/it\/wp-json\/wp\/v2\/pages\/2403","targetHints":{"allow":["GET"]}}],"collection":[{"href":"https:\/\/www.ceramiche-piemme.com\/it\/wp-json\/wp\/v2\/pages"}],"about":[{"href":"https:\/\/www.ceramiche-piemme.com\/it\/wp-json\/wp\/v2\/types\/page"}],"author":[{"embeddable":true,"href":"https:\/\/www.ceramiche-piemme.com\/it\/wp-json\/wp\/v2\/users\/1"}],"replies":[{"embeddable":true,"href":"https:\/\/www.ceramiche-piemme.com\/it\/wp-json\/wp\/v2\/comments?post=2403"}],"version-history":[{"count":5,"href":"https:\/\/www.ceramiche-piemme.com\/it\/wp-json\/wp\/v2\/pages\/2403\/revisions"}],"predecessor-version":[{"id":6813,"href":"https:\/\/www.ceramiche-piemme.com\/it\/wp-json\/wp\/v2\/pages\/2403\/revisions\/6813"}],"wp:attachment":[{"href":"https:\/\/www.ceramiche-piemme.com\/it\/wp-json\/wp\/v2\/media?parent=2403"}],"curies":[{"name":"wp","href":"https:\/\/api.w.org\/{rel}","templated":true}]}}